{"id":94,"date":"2012-09-25T10:48:54","date_gmt":"2012-09-25T08:48:54","guid":{"rendered":"\/wordpress\/?page_id=94"},"modified":"2012-10-02T12:56:55","modified_gmt":"2012-10-02T10:56:55","slug":"turen-vom-tischler-als-blickfang","status":"publish","type":"page","link":"http:\/\/www.tischlereihauser.at\/wordpress\/turen-vom-tischler-als-blickfang\/","title":{"rendered":"T\u00fcren vom Tischler als Blickfang"},"content":{"rendered":"<h2>Innent\u00fcr und Au\u00dfent\u00fcr. Eine T\u00fcr muss nicht nur T\u00fcr sein.<\/h2>\n<p><em><strong><br \/> Innent\u00fcr und Aussent\u00fcr.<\/strong><\/em><\/p>\n<p>Eine T\u00fcr muss nicht nur T\u00fcr sein, sie kann auch ein kleines Kunstwerk sein, versperrt und doch gleichzeitig Einblick bieten.<\/p>\n<p>Holz, Glas, Kunststoff und Metall bilden die Stoffe, aus denen die Trennungen der R\u00e4ume in einem Haus bestehen. Ob glatte Objektt\u00fcren in Normgr\u00f6\u00dfen, Sondermodelle oder T\u00fcren mit Sonderma\u00dfen, einfl\u00fcgelige oder mehrfl\u00fcgelige Innen- oder Aussent\u00fcren, Schiebet\u00fcren, ob Vollholz- oder Glast\u00fcren, ob f\u00e4rbig lackiert oder mit Edelholz furniert, wir bieten Ihnen individuelle Eigenanfertigung in meisterlicher Tischlerqualit\u00e4t.<\/p>\n<p>Fragen Sie an, wir machen Ihnen gerne ein Angebot.<\/p>\n<p style=\"text-align: center;\"><a href=\"\/wordpress\/wp-content\/uploads\/2012\/09\/hauser-tuere-01.jpg\"><img loading=\"lazy\" decoding=\"async\" class=\"alignnone size-thumbnail wp-image-95\" title=\"Tischlerei Hauser T\u00fcre\" src=\"\/wordpress\/wp-content\/uploads\/2012\/09\/hauser-tuere-01-150x150.jpg\" alt=\"Tischlerei Hauser T\u00fcre\" width=\"150\" height=\"150\" \/><\/a>\u00a0 \u00a0<a href=\"\/wordpress\/wp-content\/uploads\/2012\/09\/Hauser-tuere-028.jpg\"><img loading=\"lazy\" decoding=\"async\" class=\"alignnone size-thumbnail wp-image-96\" title=\"Tischlerei Hauser T\u00fcre\" src=\"\/wordpress\/wp-content\/uploads\/2012\/09\/Hauser-tuere-028-150x150.jpg\" alt=\"Tischlerei Hauser T\u00fcre\" width=\"150\" height=\"150\" \/><br \/><\/a><a href=\"\/wordpress\/wp-content\/uploads\/2012\/09\/hauser-tuere-02.jpg\"><img loading=\"lazy\" decoding=\"async\" class=\"alignnone size-thumbnail wp-image-97\" title=\"Tischlerei Hauser T\u00fcre\" src=\"\/wordpress\/wp-content\/uploads\/2012\/09\/hauser-tuere-02-150x150.jpg\" alt=\"Tischlerei Hauser T\u00fcre\" width=\"150\" height=\"150\" \/><\/a>\u00a0 \u00a0<a href=\"\/wordpress\/wp-content\/uploads\/2012\/09\/tuere-PA074735-3zu2.jpg\"><img loading=\"lazy\" decoding=\"async\" class=\"alignnone size-thumbnail wp-image-262\" title=\"Tischlerei Hauser - T\u00fcre\" src=\"\/wordpress\/wp-content\/uploads\/2012\/09\/tuere-PA074735-3zu2-150x150.jpg\" alt=\"Tischlerei Hauser - T\u00fcre\" width=\"150\" height=\"150\" \/><\/a><\/p>\n","protected":false},"excerpt":{"rendered":"<p>Innent\u00fcr und Au\u00dfent\u00fcr. Eine T\u00fcr muss nicht nur T\u00fcr sein. Innent\u00fcr und Aussent\u00fcr. Eine T\u00fcr muss nicht nur T\u00fcr sein, sie kann auch ein kleines Kunstwerk sein, versperrt und doch gleichzeitig Einblick bieten. Holz, Glas, Kunststoff und Metall bilden die &hellip; <a href=\"http:\/\/www.tischlereihauser.at\/wordpress\/turen-vom-tischler-als-blickfang\/\">Weiterlesen <span class=\"meta-nav\">&rarr;<\/span><\/a><\/p>\n","protected":false},"author":3,"featured_media":0,"parent":0,"menu_order":0,"comment_status":"closed","ping_status":"closed","template":"sidebar-page.php","meta":{"footnotes":""},"class_list":["post-94","page","type-page","status-publish","hentry"],"_links":{"self":[{"href":"http:\/\/www.tischlereihauser.at\/wordpress\/wp-json\/wp\/v2\/pages\/94","targetHints":{"allow":["GET"]}}],"collection":[{"href":"http:\/\/www.tischlereihauser.at\/wordpress\/wp-json\/wp\/v2\/pages"}],"about":[{"href":"http:\/\/www.tischlereihauser.at\/wordpress\/wp-json\/wp\/v2\/types\/page"}],"author":[{"embeddable":true,"href":"http:\/\/www.tischlereihauser.at\/wordpress\/wp-json\/wp\/v2\/users\/3"}],"replies":[{"embeddable":true,"href":"http:\/\/www.tischlereihauser.at\/wordpress\/wp-json\/wp\/v2\/comments?post=94"}],"version-history":[{"count":6,"href":"http:\/\/www.tischlereihauser.at\/wordpress\/wp-json\/wp\/v2\/pages\/94\/revisions"}],"predecessor-version":[{"id":289,"href":"http:\/\/www.tischlereihauser.at\/wordpress\/wp-json\/wp\/v2\/pages\/94\/revisions\/289"}],"wp:attachment":[{"href":"http:\/\/www.tischlereihauser.at\/wordpress\/wp-json\/wp\/v2\/media?parent=94"}],"curies":[{"name":"wp","href":"https:\/\/api.w.org\/{rel}","templated":true}]}}