{"id":8,"date":"2012-09-24T21:54:09","date_gmt":"2012-09-24T19:54:09","guid":{"rendered":"\/wordpress\/?page_id=8"},"modified":"2012-10-02T12:59:42","modified_gmt":"2012-10-02T10:59:42","slug":"produktion","status":"publish","type":"page","link":"http:\/\/www.tischlereihauser.at\/wordpress\/produktion\/","title":{"rendered":"Die Produktion im Tischlereibetrieb in Schwaz"},"content":{"rendered":"<p><a href=\"\/wordpress\/wp-content\/uploads\/2012\/09\/tischlerei-DSC01189.jpg\"><img loading=\"lazy\" decoding=\"async\" class=\"alignright size-medium wp-image-281\" title=\"Tischlerei Hauser\" src=\"\/wordpress\/wp-content\/uploads\/2012\/09\/tischlerei-DSC01189-300x225.jpg\" alt=\"Tischlerei Hauser\" width=\"300\" height=\"225\" srcset=\"http:\/\/www.tischlereihauser.at\/wordpress\/wp-content\/uploads\/2012\/09\/tischlerei-DSC01189-300x225.jpg 300w, http:\/\/www.tischlereihauser.at\/wordpress\/wp-content\/uploads\/2012\/09\/tischlerei-DSC01189-400x300.jpg 400w, http:\/\/www.tischlereihauser.at\/wordpress\/wp-content\/uploads\/2012\/09\/tischlerei-DSC01189.jpg 800w\" sizes=\"auto, (max-width: 300px) 100vw, 300px\" \/><\/a>In unserer Tischlerei werden nur ausgesuchte Massivh\u00f6lzer oder Plattenmaterialien zu hochwertigen M\u00f6beln verarbeitet.<\/p>\n<p>Auf Kundenwunsche fertigen wir gerne auch biologische Oberfl\u00e4chen bestehend aus Naturwachsen und -\u00d6len<\/p>\n<p>Wir sind st\u00e4ndig bestrebt, traditionelle und bew\u00e4hrte Techniken mit modernen Verarbeitungssystemen auf das Neue zu kombinieren. Schauen Sie einfach in unserer Werkstatt in Schwaz vorbei. Informieren Sie sich \u00fcber die neuesten Holztrends v\u00f6llig unverbindlich. Wir beraten Sie gerne!<\/p>\n","protected":false},"excerpt":{"rendered":"<p>In unserer Tischlerei werden nur ausgesuchte Massivh\u00f6lzer oder Plattenmaterialien zu hochwertigen M\u00f6beln verarbeitet. Auf Kundenwunsche fertigen wir gerne auch biologische Oberfl\u00e4chen bestehend aus Naturwachsen und -\u00d6len Wir sind st\u00e4ndig bestrebt, traditionelle und bew\u00e4hrte Techniken mit modernen Verarbeitungssystemen auf das Neue &hellip; <a href=\"http:\/\/www.tischlereihauser.at\/wordpress\/produktion\/\">Weiterlesen <span class=\"meta-nav\">&rarr;<\/span><\/a><\/p>\n","protected":false},"author":3,"featured_media":0,"parent":0,"menu_order":0,"comment_status":"closed","ping_status":"open","template":"sidebar-page.php","meta":{"footnotes":""},"class_list":["post-8","page","type-page","status-publish","hentry"],"_links":{"self":[{"href":"http:\/\/www.tischlereihauser.at\/wordpress\/wp-json\/wp\/v2\/pages\/8","targetHints":{"allow":["GET"]}}],"collection":[{"href":"http:\/\/www.tischlereihauser.at\/wordpress\/wp-json\/wp\/v2\/pages"}],"about":[{"href":"http:\/\/www.tischlereihauser.at\/wordpress\/wp-json\/wp\/v2\/types\/page"}],"author":[{"embeddable":true,"href":"http:\/\/www.tischlereihauser.at\/wordpress\/wp-json\/wp\/v2\/users\/3"}],"replies":[{"embeddable":true,"href":"http:\/\/www.tischlereihauser.at\/wordpress\/wp-json\/wp\/v2\/comments?post=8"}],"version-history":[{"count":7,"href":"http:\/\/www.tischlereihauser.at\/wordpress\/wp-json\/wp\/v2\/pages\/8\/revisions"}],"predecessor-version":[{"id":291,"href":"http:\/\/www.tischlereihauser.at\/wordpress\/wp-json\/wp\/v2\/pages\/8\/revisions\/291"}],"wp:attachment":[{"href":"http:\/\/www.tischlereihauser.at\/wordpress\/wp-json\/wp\/v2\/media?parent=8"}],"curies":[{"name":"wp","href":"https:\/\/api.w.org\/{rel}","templated":true}]}}