{"id":6,"date":"2012-09-24T21:53:38","date_gmt":"2012-09-24T19:53:38","guid":{"rendered":"\/wordpress\/?page_id=6"},"modified":"2012-10-02T13:03:07","modified_gmt":"2012-10-02T11:03:07","slug":"planung","status":"publish","type":"page","link":"http:\/\/www.tischlereihauser.at\/wordpress\/planung\/","title":{"rendered":"Planung von Holzm\u00f6bel und Einrichtungen"},"content":{"rendered":"<p><a href=\"\/wordpress\/wp-content\/uploads\/2012\/09\/Markus-Tisch-Bett.jpg\"><img loading=\"lazy\" decoding=\"async\" class=\"alignright size-medium wp-image-187\" title=\"Planung Tisch Bett\" src=\"\/wordpress\/wp-content\/uploads\/2012\/09\/Markus-Tisch-Bett-200x300.jpg\" alt=\"Planung Tisch Bett\" width=\"200\" height=\"300\" srcset=\"http:\/\/www.tischlereihauser.at\/wordpress\/wp-content\/uploads\/2012\/09\/Markus-Tisch-Bett-200x300.jpg 200w, http:\/\/www.tischlereihauser.at\/wordpress\/wp-content\/uploads\/2012\/09\/Markus-Tisch-Bett.jpg 400w\" sizes=\"auto, (max-width: 200px) 100vw, 200px\" \/><\/a>Die ersten Entw\u00fcrfe bei der Planung einer Inneneinrichtung sind wichtige und wesentliche Bestandteile einer optimalen Ausf\u00fchrung eines Projektes. Aus ersten handgezeichneten Skizzen erstellen wir einen \u00fcbersichtlichen Plan.<\/p>\n<p>Somit haben Sie von Anfang an eine genaue Vorstellung Ihrer neuen Inneneinrichtung.<\/p>\n<p>Nischen, Dachwohnungen und schwierige Raumgegebenheiten stellen f\u00fcr uns keine Hindernisse dar! Wir lassen auch die Lehren des \"Feng Shui\" bei der Planung einflie\u00dfen wenn erw\u00fcnscht.<\/p>\n<p>Der Kundenwunsch steht bei uns an erster Stelle! Deshalb ist der erste und wichtigste Teil einer optimalen Planung ein individuelles und fachm\u00e4nnisches Beratungsgespr\u00e4ch!<\/p>\n<p>Kontaktieren Sie uns v\u00f6llig <a title=\"Kontakt zu Tischlerei Hauser Ges.m.b.H.\" href=\"\/wordpress\/kontakt-zu-tischlerei-hauser\/\">unverbindlich<\/a>!<\/p>\n<p style=\"text-align: center;\"><a href=\"\/wordpress\/wp-content\/uploads\/2012\/09\/kueche-PICT0066.jpg\"><img loading=\"lazy\" decoding=\"async\" class=\"alignnone size-thumbnail wp-image-272\" title=\"Tischlerei Hauser - K\u00fcche\" src=\"\/wordpress\/wp-content\/uploads\/2012\/09\/kueche-PICT0066-150x150.jpg\" alt=\"Tischlerei Hauser - K\u00fcche\" width=\"150\" height=\"150\" \/><\/a>\u00a0\u00a0 <a href=\"\/wordpress\/wp-content\/uploads\/2012\/09\/wohnzimmer-DSC01276.jpg\"><img loading=\"lazy\" decoding=\"async\" class=\"size-thumbnail wp-image-269 alignnone\" title=\"Tischlerei Hauser - Wohnzimmer\" src=\"\/wordpress\/wp-content\/uploads\/2012\/09\/wohnzimmer-DSC01276-150x150.jpg\" alt=\"Tischlerei Hauser - Wohnzimmer\" width=\"150\" height=\"150\" \/><\/a>\u00a0\u00a0 <a href=\"\/wordpress\/wp-content\/uploads\/2012\/09\/vorzimmer-P3140586.jpg\"><img loading=\"lazy\" decoding=\"async\" class=\"alignnone size-thumbnail wp-image-261\" title=\"Tischlerei Hauser - Vorzimmer\" src=\"\/wordpress\/wp-content\/uploads\/2012\/09\/vorzimmer-P3140586-150x150.jpg\" alt=\"\" width=\"150\" height=\"150\" \/><\/a><\/p>\n","protected":false},"excerpt":{"rendered":"<p>Die ersten Entw\u00fcrfe bei der Planung einer Inneneinrichtung sind wichtige und wesentliche Bestandteile einer optimalen Ausf\u00fchrung eines Projektes. Aus ersten handgezeichneten Skizzen erstellen wir einen \u00fcbersichtlichen Plan. Somit haben Sie von Anfang an eine genaue Vorstellung Ihrer neuen Inneneinrichtung. Nischen, &hellip; <a href=\"http:\/\/www.tischlereihauser.at\/wordpress\/planung\/\">Weiterlesen <span class=\"meta-nav\">&rarr;<\/span><\/a><\/p>\n","protected":false},"author":3,"featured_media":0,"parent":0,"menu_order":0,"comment_status":"closed","ping_status":"open","template":"sidebar-page.php","meta":{"footnotes":""},"class_list":["post-6","page","type-page","status-publish","hentry"],"_links":{"self":[{"href":"http:\/\/www.tischlereihauser.at\/wordpress\/wp-json\/wp\/v2\/pages\/6","targetHints":{"allow":["GET"]}}],"collection":[{"href":"http:\/\/www.tischlereihauser.at\/wordpress\/wp-json\/wp\/v2\/pages"}],"about":[{"href":"http:\/\/www.tischlereihauser.at\/wordpress\/wp-json\/wp\/v2\/types\/page"}],"author":[{"embeddable":true,"href":"http:\/\/www.tischlereihauser.at\/wordpress\/wp-json\/wp\/v2\/users\/3"}],"replies":[{"embeddable":true,"href":"http:\/\/www.tischlereihauser.at\/wordpress\/wp-json\/wp\/v2\/comments?post=6"}],"version-history":[{"count":8,"href":"http:\/\/www.tischlereihauser.at\/wordpress\/wp-json\/wp\/v2\/pages\/6\/revisions"}],"predecessor-version":[{"id":177,"href":"http:\/\/www.tischlereihauser.at\/wordpress\/wp-json\/wp\/v2\/pages\/6\/revisions\/177"}],"wp:attachment":[{"href":"http:\/\/www.tischlereihauser.at\/wordpress\/wp-json\/wp\/v2\/media?parent=6"}],"curies":[{"name":"wp","href":"https:\/\/api.w.org\/{rel}","templated":true}]}}