{"id":4,"date":"2012-09-24T21:53:18","date_gmt":"2012-09-24T19:53:18","guid":{"rendered":"\/wordpress\/?page_id=4"},"modified":"2012-10-24T13:41:44","modified_gmt":"2012-10-24T11:41:44","slug":"willkommen","status":"publish","type":"page","link":"http:\/\/www.tischlereihauser.at\/wordpress\/","title":{"rendered":"Willkommen bei Ihrem Tischler ums Eck"},"content":{"rendered":"<h2><a href=\"\/wordpress\/wp-content\/uploads\/2012\/09\/hauser-logo-hks78k.jpg\"><img loading=\"lazy\" decoding=\"async\" class=\"alignright size-medium wp-image-190\" title=\"Logo Tischlerei Hauser\" src=\"\/wordpress\/wp-content\/uploads\/2012\/09\/hauser-logo-hks78k-254x300.jpg\" alt=\"Logo Tischlerei Hauser\" width=\"254\" height=\"300\" srcset=\"http:\/\/www.tischlereihauser.at\/wordpress\/wp-content\/uploads\/2012\/09\/hauser-logo-hks78k-254x300.jpg 254w, http:\/\/www.tischlereihauser.at\/wordpress\/wp-content\/uploads\/2012\/09\/hauser-logo-hks78k.jpg 509w\" sizes=\"auto, (max-width: 254px) 100vw, 254px\" \/><\/a>D\u00fcrfen wir Ihre Wohntr\u00e4ume in Form bringen?<\/h2>\n<p>Die <a title=\"K\u00fcchen nach Ma\u00df vom Tischler\" href=\"\/wordpress\/kuechen-nach-mass-vom-tischler\/\">K\u00fcche<\/a> nach Ma\u00df wird von Ihrem Tischler nach Ihren W\u00fcnschen geplant, gefertigt und montiert.<\/p>\n<p>Oder finden Sie, dass Ihr <a title=\"Badezimmerm\u00f6bel vom Tischler\" href=\"\/wordpress\/badezimmermoebel-vom-tischler\/\">Badezimmer<\/a> als Oase der Erholung und Entspannung etwas Besonderes sein sollte? Passgenau und funktionell erf\u00fcllen wir Ihre Vorstellungen.<\/p>\n<p>Sogar im <a title=\"Schlafzimmerm\u00f6bel vom Tischlereifachbetrieb\" href=\"\/wordpress\/schlafzimmermoebel-vom-tischlereifachbetrieb\/\">Schlafzimmer<\/a> sorgen wir mit nat\u00fcrlich behandelten H\u00f6lzern f\u00fcr Geborgenheit, W\u00e4rme und gesundes Raumklima ... f\u00fcr alles, was Sie f\u00fcr einen erholsamen Schlaf brauchen.<\/p>\n<p>Den Schrank oder die Kommode\u00a0f\u00fcrs Wohnzimmer - gleich, was es sein soll, wir fertigen auch <a title=\"Einzelm\u00f6bel vom Tischler vor Ort\" href=\"\/wordpress\/einzelmoebel-vom-tischler-vor-ort\/\">Einzelm\u00f6belst\u00fccke<\/a> mit Meisterhand.<\/p>\n<p>Und wenn Sie der Ansicht sind, eine T\u00fcr muss nicht immer nur T\u00fcre sein, dann gestalten wir Ihre <a title=\"T\u00fcren vom Tischler als Blickfang\" href=\"\/wordpress\/turen-vom-tischler-als-blickfang\/\">T\u00fcr als Blickfang<\/a>.<\/p>\n","protected":false},"excerpt":{"rendered":"<p>D\u00fcrfen wir Ihre Wohntr\u00e4ume in Form bringen? Die K\u00fcche nach Ma\u00df wird von Ihrem Tischler nach Ihren W\u00fcnschen geplant, gefertigt und montiert. Oder finden Sie, dass Ihr Badezimmer als Oase der Erholung und Entspannung etwas Besonderes sein sollte? Passgenau und &hellip; <a href=\"http:\/\/www.tischlereihauser.at\/wordpress\/\">Weiterlesen <span class=\"meta-nav\">&rarr;<\/span><\/a><\/p>\n","protected":false},"author":3,"featured_media":0,"parent":0,"menu_order":0,"comment_status":"closed","ping_status":"open","template":"sidebar-page.php","meta":{"footnotes":""},"class_list":["post-4","page","type-page","status-publish","hentry"],"_links":{"self":[{"href":"http:\/\/www.tischlereihauser.at\/wordpress\/wp-json\/wp\/v2\/pages\/4","targetHints":{"allow":["GET"]}}],"collection":[{"href":"http:\/\/www.tischlereihauser.at\/wordpress\/wp-json\/wp\/v2\/pages"}],"about":[{"href":"http:\/\/www.tischlereihauser.at\/wordpress\/wp-json\/wp\/v2\/types\/page"}],"author":[{"embeddable":true,"href":"http:\/\/www.tischlereihauser.at\/wordpress\/wp-json\/wp\/v2\/users\/3"}],"replies":[{"embeddable":true,"href":"http:\/\/www.tischlereihauser.at\/wordpress\/wp-json\/wp\/v2\/comments?post=4"}],"version-history":[{"count":10,"href":"http:\/\/www.tischlereihauser.at\/wordpress\/wp-json\/wp\/v2\/pages\/4\/revisions"}],"predecessor-version":[{"id":295,"href":"http:\/\/www.tischlereihauser.at\/wordpress\/wp-json\/wp\/v2\/pages\/4\/revisions\/295"}],"wp:attachment":[{"href":"http:\/\/www.tischlereihauser.at\/wordpress\/wp-json\/wp\/v2\/media?parent=4"}],"curies":[{"name":"wp","href":"https:\/\/api.w.org\/{rel}","templated":true}]}}