{"id":319,"date":"2018-07-13T12:25:02","date_gmt":"2018-07-13T10:25:02","guid":{"rendered":"http:\/\/www.tischlereihauser.at\/wordpress\/?page_id=319"},"modified":"2018-07-15T16:01:28","modified_gmt":"2018-07-15T14:01:28","slug":"datenschutzerklaerung","status":"publish","type":"page","link":"http:\/\/www.tischlereihauser.at\/wordpress\/datenschutzerklaerung\/","title":{"rendered":"Datenschutzerkl\u00e4rung"},"content":{"rendered":"<h2>Sie erreichen uns unter folgenden Kontaktdaten:<\/h2>\n<p>Verantwortlicher im Sinne der DSGVO ist:<br \/><span style=\"font-weight: 300;\">Tischlerei Hauser Ges.m.b.H.<br \/><\/span>Mag. Josef Au\u00dferhofer Strasse 1<br \/>A-6130 Schwaz<\/p>\n<p>Sie erreichen uns unter unserer zuvor genannten Firmenanschrift, <br \/>per E-Mail unter\u00a0<a href=\"&#109;&#x61;&#105;&#x6c;&#116;&#x6f;&#58;&#x74;&#105;&#x73;&#99;&#x68;l&#x65;r&#x65;i&#x68;a&#x75;s&#x65;r&#64;&#x73;&#99;&#x68;&#119;&#x61;&#122;&#x2e;&#110;&#x65;&#116;?Subject=Nachricht%20von%20Homepage\">&#x74;&#x69;&#115;&#99;h&#x6c;&#x65;&#x72;&#101;ih&#x61;&#x75;&#115;&#101;r&#x40;&#x73;&#x63;&#104;wa&#x7a;&#x2e;&#110;&#101;t<\/a><br \/>sowie \u00fcber das Kontaktformular auf dieser Website.<\/p>\n<h2>Generelles<\/h2>\n<p>Der Schutz Ihrer pers\u00f6nlichen Daten ist uns ein besonderes Anliegen. Wir verarbeiten Ihre Daten daher ausschlie\u00dflich auf Grundlage der gesetzlichen Bestimmungen (DSGVO, TKG 2003). In dieser Datenschutzerkl\u00e4rung informieren wir Sie \u00fcber die wichtigsten Aspekte der Datenverarbeitung im Rahmen unserer Website.<\/p><h2>Rechtsgrundlagen der Verarbeitung<\/h2><p class=\"\">Wir verarbeiten Ihre personenbezogenen Daten auf der Grundlage\u00a0unseres \u00fcberwiegenden berechtigten Interesses nach Art 6 Abs 1 lit f DSGVO, welches darin besteht, unsere Website nutzerfreundlich zu gestalten und unsere Website vor Angriffen zu sch\u00fctzen. <!-- prima_private_fnc: in post: Datenschutzerkl\u00e4rung (319) --><\/p><h2>Kontakt mit uns<\/h2><p>Wenn Sie schriftlich, telefonisch, \u00fcber das Formular auf unserer Website oder per E-Mail mit uns Kontakt aufnehmen, werden Ihre angegebenen Daten zum Zwecke der Bearbeitung Ihrer Anfrage und f\u00fcr den Fall von Anschlussfragen f\u00fcr die Dauer der gesetzlichen Aufbewahrungsfrist bei uns gespeichert. Diese Daten geben wir ohne Ihre Einwilligung nicht weiter.<\/p><h2>Cookies<\/h2><p>Unsere Website verwendet so genannte Cookies. Dabei handelt es sich um kleine Textdateien, die mit Hilfe des Browsers auf Ihrem Endger\u00e4t abgelegt werden. Sie richten keinen Schaden an.<\/p><p>Wir nutzen Cookies dazu, unser Angebot nutzerfreundlich zu gestalten. Einige Cookies bleiben auf Ihrem Endger\u00e4t gespeichert, bis Sie diese l\u00f6schen. Sie erm\u00f6glichen es uns, Ihren Browser beim n\u00e4chsten Besuch wiederzuerkennen.<\/p><p>Wenn Sie dies nicht w\u00fcnschen, so k\u00f6nnen Sie Ihren Browser so einrichten, dass er Sie \u00fcber das Setzen von Cookies informiert und Sie dies nur im Einzelfall erlauben.<\/p><p>Bei der Deaktivierung von Cookies oder nicht akzeptieren des sogenannten Cookie-Banners kann die Funktionalit\u00e4t unserer Website eingeschr\u00e4nkt sein.<\/p><p class=\"title\">\r\n            <div class=\"pea_cook_control\" style=\"color:#FFFFFF; background-color: rgba(0,0,0,0.9);\">\r\n                Cookies sind deaktiviert<br>Cookies akzeptieren, indem du auf \"Akzeptieren\" im Banner klickst.\r\n            <\/div><\/p><h2>Webhoster\/Provider<\/h2><p>Der Webhoster (Provider) speichert Zugriffsdaten auf die Website Serverlogfiles. Zu diesen Daten geh\u00f6ren:<\/p><ul><li>IP Adresse,<\/li><li>ggf. Authentifizierung des Besuchers,<\/li><li>Zeitpunkt des Zugriffs,<\/li><li>Anfrage des Besuchers (Seite oder Datei),<\/li><li>HTTP-Statuscode vom Server,<\/li><li>Gr\u00f6\u00dfe der Serverantwort in Bytes,<\/li><li>HTTP-Referrer-URL (zuvor besuchte Website),<\/li><li>User-Agent des Besuches (Browsertyp z. B. Internetexplorer, Chrome etc. und Betriebssystem z. B. Windows, Apple etc.),<\/li><li>aufgerufene Domain,<\/li><li>ggf. benutztes Endger\u00e4t (Computer, Smartphone etc.).<\/li><\/ul><p><br \/>Diese Daten werden lediglich zeitlich begrenzt f\u00fcr statistische Zwecke aufgezeichnet und dienen u. a. zur Sicherheit der Website im Falle von Missbrauch.<\/p><p>Ihre IP-Adresse wird erfasst, aber umgehend (z. B. durch L\u00f6schung der letzten 8 Bit) pseudonymisiert. Dadurch ist nur mehr eine grobe Lokalisierung m\u00f6glich.<\/p><h2>Web-Analyse<\/h2><p>Unsere Website verwendet Funktionen des Webanalysedienstes <strong>Google Analytics<\/strong>, einen Webanalysedienst der Google LLC (\u201eGoogle\u201c), Amphitheatre Parkway, Mountain View, CA 94043, USA. Die dabei erfassten Daten werden auch au\u00dferhalb der EU verarbeitet. Dazu werden Cookies verwendet, die eine Analyse der Benutzung der Website durch ihre Benutzer erm\u00f6glicht. Die dadurch erzeugten Informationen werden auf den Server des Anbieters \u00fcbertragen und dort gespeichert.<\/p><p>Sie k\u00f6nnen dies verhindern, indem Sie Ihren Browser so einrichten, dass keine Cookies gespeichert werden oder durch setzen eines einzigen Cookies die Webanalyse ausschalten.<\/p><p><!-- prima_div_fnc: in post: Datenschutzerkl\u00e4rung(319) --><a id=\"pgaoptout\" class=\"pgaoptout\" onclick=\"alert('Google Analytics wurde deaktiviert');document.cookie = '_ga=; path=\/; domain=.tischlereihauser.at; expires=Thu, 01 Jan 1970 00:00:01 GMT;';document.cookie = '_gat=; path=\/; domain=.tischlereihauser.at; expires=Thu, 01 Jan 1970 00:00:01 GMT;';document.cookie = '_gid=; path=\/; domain=.tischlereihauser.at; expires=Thu, 01 Jan 1970 00:00:01 GMT;';\" href=\"javascript:gaOptout();location.reload(true);\">Google Analytics deaktivieren<\/a>&nbsp;<a id=\"pgaoptout\" class=\"pgaoptout\" onclick=\"alert('Google Analytics wurde aktiviert');\" \nhref=\"javascript:gaOptin()\">Google Analytics aktivieren<\/a><\/p><p>Es gibt auch ein\u00a0<a href=\"https:\/\/tools.google.com\/dlpage\/gaoptout\" target=\"_blank\" rel=\"noopener\">Browser-Add-on zur Deaktivierung von Google Analytics.<\/a><\/p><p>Wir haben mit dem Anbieter einen entsprechenden Vertrag zur Auftragsdatenverarbeitung abgeschlossen.<\/p><p>Ihre IP-Adresse wird erfasst, aber umgehend (z. B. durch L\u00f6schung der letzten 8 Bit) pseudonymisiert. Dadurch ist nur mehr eine grobe Lokalisierung m\u00f6glich.<\/p><p>Die Beziehung zum Webanalyseanbieter basiert auf den Standardvertragsklauseln der EU im Rahmen des Privacy Shield Abkommens. Weitere Informationen: <a href=\"https:\/\/policies.google.com\/privacy?hl=de&amp;gl=at\" target=\"_blank\" rel=\"noopener\">Google Datenschutzerkl\u00e4rung &amp; Nutzungsbedingungen<\/a>. Dort k\u00f6nnen auch Einstellungen zur Privatsph\u00e4re vorgenommen werden (Datenschutzeinstellungen)<\/p><p>Die Datenverarbeitung erfolgt auf Basis der gesetzlichen Bestimmungen des \u00a7 96 Abs 3 TKG sowie des Art\u00a06 Abs\u00a01 lit\u00a0a (Einwilligung) und\/oder lit\u00a0f (berechtigtes Interesse) der DSGVO.<\/p><p>Unser Anliegen im Sinne der DSGVO (berechtigtes Interesse) ist die Verbesserung unseres Angebotes und unseres Webauftritts. Da uns die Privatsph\u00e4re unserer Nutzer wichtig ist, werden\u00a0 die\u00a0 Nutzerdaten\u00a0 pseudonymisiert.<\/p><p>Die Nutzerdaten werden f\u00fcr die Dauer von 26 Monaten aufbewahrt.<\/p><h2>Google Maps<\/h2><p>Die Website verwendet f\u00fcr die Anfahrtsbeschreibung bzw. die kartographische Darstellung des\/der Standort\/e <strong>Google Maps<\/strong>, einen Dienst der\u00a0Google LLC (\u201eGoogle\u201c), Amphitheatre Parkway, Mountain View, CA 94043, USA. Google Maps bzw. Google \u00fcbertr\u00e4gt dabei auch Daten \u00fcber die Nutzung der Funktionen durch Besucher der Website. Diese werden erfasst, verarbeitet und genutzt.<\/p><p>Weitere Informationen: <a href=\"https:\/\/policies.google.com\/privacy?hl=de&amp;gl=at\" target=\"_blank\" rel=\"noopener\">Google Datenschutzerkl\u00e4rung &amp; Nutzungsbedingungen<\/a>. Dort k\u00f6nnen auch Einstellungen zur Privatsph\u00e4re vorgenommen werden (Datenschutzeinstellungen).<\/p><p>Unser Anliegen im Sinne der DSGVO (berechtigtes Interesse) ist die Verbesserung unseres Angebotes und unseres Webauftritts.<\/p>\n<p>Diese Seite verwendet das Wordpress-Plugin <strong>WP Google Maps<\/strong>. Einige visuelle Komponenten von WP Google Maps verwenden Bibliotheken von Drittanbietern, die \u00fcber das Netzwerk geladen werden. Derzeit sind dies die Bibliotheken Google Maps, Open Street Map, jQuery DataTables und FontAwesome. Wenn Sie Ressourcen \u00fcber ein Netzwerk laden, erh\u00e4lt der Drittanbieterserver unter anderem die IP-Adresse und die User Agent-Zeichenfolge. Einzelheiten zur Verwendung der Daten und zur Aus\u00fcbung Ihrer Rechte gem\u00e4\u00df den DSGVO-Bestimmungen finden Sie in den Datenschutzrichtlinien der jeweiligen Bibliotheken.<\/p>\n<p>WP Google Maps verwendet jQuery DataTables, um sortierbare, durchsuchbare Tabellen anzuzeigen, z. B. die in der erweiterten Markerliste und auf der Kartenbearbeitungsseite. jQuery DataTables verwendet unter bestimmten Umst\u00e4nden einen Cookie zum Speichern und sp\u00e4teren Abrufen des \"Status\" einer bestimmten Tabelle - also den Suchbegriff, die Sortierspalte und -reihenfolge und die aktuelle Seite. Diese Daten helfen beim lokalen Speichern und werden beibehalten, bis sie manuell gel\u00f6scht werden. Keine von WP Google Maps verwendeten Bibliotheken \u00fcbermitteln diese Informationen.<\/p>\n<h2>Google reCaptcha<\/h2><p>Um Eingabeformulare auf unserer Seite zu sch\u00fctzen, setzen wir allenfalls den Dienst <strong>reCAPTCHA<\/strong> der Firma Google LLC, 1600 Amphitheatre Parkway, Mountain View, CA 94043 USA, nachfolgend Google, ein. Durch den Einsatz dieses Dienstes kann unterschieden werden, ob die entsprechende Eingabe menschlicher Herkunft ist oder durch automatisierte maschinelle Verarbeitung missbr\u00e4uchlich erfolgt.<\/p><p>Nach unserer Kenntnis werden die Referrer-URL, die IP-Adresse, das Verhalten der Webseitenbesucher, Informationen \u00fcber Betriebssystem, Browser und Verweildauer, Cookies, Darstellungsanweisungen und Skripte, das Eingabeverhalten des Nutzers sowie Mausbewegungen im Bereich der reCAPTCHA-Checkbox an Google \u00fcbertragen.<\/p><p>Google verwendet die so erlangten Informationen unter anderem dazu, B\u00fccher und andere Druckerzeugnisse zu digitalisieren sowie Dienste wie Google Street View und Google Maps zu optimieren (z. B. Hausnummern- und Stra\u00dfennamenerkennung).<\/p><p>Die im Rahmen von reCAPTCHA \u00fcbermittelte IP-Adresse wird nicht mit anderen Daten von Google zusammengef\u00fchrt, au\u00dfer Sie sind zum Zeitpunkt der Nutzung des reCAPTCHA-Plugins bei Ihrem Google-Account angemeldet. Wenn Sie diese \u00dcbermittlung und Speicherung von Daten \u00fcber Sie und Ihr Verhalten auf unserer Webseite durch Google unterbinden wollen, m\u00fcssen Sie sich bei Google ausloggen und zwar bevor Sie unsere Seite besuchen bzw. das reCAPTCHA Plug-in benutzen.<\/p><p>Die Nutzung des Dienstes reCAPTCHA erlangten Informationen erfolgt gem\u00e4\u00df den Google-Nutzungsbedingungen:\u00a0<a href=\"https:\/\/policies.google.com\/privacy?hl=de&amp;gl=at\" target=\"_blank\" rel=\"noopener\">Google Datenschutzerkl\u00e4rung &amp; Nutzungsbedingungen<\/a>\u00a0<span style=\"font-weight: 300;\"><!-- prima_private_fnc: in post: Datenschutzerkl\u00e4rung (319) --><\/span><\/p><p><span style=\"font-weight: 300;\">Unser Anliegen im Sinne der DSGVO (berechtigtes Interesse) ist die Sicherheit unseres Webauftritts.<\/span><\/p><h2>Google Fonts<\/h2><p>Diese Website verwendet zur Darstellung von Schriftarten <strong>Google Fonts<\/strong>,<br \/>einen Dienst der Google LLC, 1600 Amphitheatre Parkway, Mountain View, CA 94043 USA, nachfolgend\u00a0Google. Dazu wird eine Verbindung zum Google-Server in den USA aufgebaut. Dabei wird die Ziel-IP-Adresse an die die Schrift gesendet wird und die Anfragende Website \u00fcbermittelt.<\/p><p>Durch das EU-US-Datenschutzschild ('EU-US\u00a0<span dir=\"ltr\" lang=\"en\">Privacy Shield<\/span>') gew\u00e4hrleiste Google, dass bei der Verabreitung der Daten in den USA die Datenschutzvorgaben der EU eingehalten werden (<a href=\"https:\/\/www.privacyshield.gov\/participant?id=a2zt000000001L5AAI&amp;status=Active\" target=\"_blank\" rel=\"noopener\">https:\/\/www.privacyshield.gov\/participant?id=a2zt000000001L5AAI&amp;status=Active<\/a>).<\/p><p>Weitere Informationen: <a href=\"https:\/\/policies.google.com\/privacy?hl=de&amp;gl=at\" target=\"_blank\" rel=\"noopener\">Google Datenschutzerkl\u00e4rung &amp; Nutzungsbedingungen<\/a>. Dort k\u00f6nnen auch Einstellungen zur Privatsph\u00e4re vorgenommen werden (Datenschutzeinstellungen).<\/p><p>Unser Anliegen im Sinne der DSGVO (berechtigtes Interesse) ist die Verbesserung unseres Angebotes und unseres Webauftritts.<\/p><h2>Verwendung von Social Media Plugins<\/h2><p>Der Betreiber verwendet auf der Website sogenannte \u201eeingebettete\u201c Social-Media- Plug-Ins (Schnittstellen zu sozialen Netzwerken). Beim Besuch der Website stellt das System aufgrund der Einbindung der Plug-Ins automatisch eine Verbindung mit dem jeweiligen sozialen Netzwerk her und \u00fcbertr\u00e4gt Daten (IP-Adresse, Besuch der Website etc.).<\/p><p>Die Daten\u00fcbertragung geschieht ohne das Zutun und au\u00dferhalb der Verantwortung des Betreibers. Der Nutzer kann diese Daten\u00fcbertragung verhindern, indem er sich vor dem Besuch der Website bei den jeweiligen sozialen Netzwerken ausloggt. Nur im \u201eeingeloggten\u201c Zustand kann das soziale Netzwerk spezifische Daten dem Aktivit\u00e4ten-Profil des Nutzers durch automatische Daten\u00fcbertragung zuordnen.<\/p><p>Die automatisch \u00fcbertragenen Daten werden ausschlie\u00dflich von den Betreibern der sozialer Netzwerke genutzt und nicht durch den Betreiber. Weitere Informationen dazu, unter anderem auch zum Inhalt der Datenerhebung durch die sozialen Netz- werke, k\u00f6nnen direkt der Internetseite des entsprechenden sozialen Netzwerks entnommen werden. Dort k\u00f6nnen auch die Privatsph\u00e4re-Einstellungen angepasst werden.<\/p><p>Die auf der Website eingebundenen sozialen Netzwerke sind:<\/p><ul><li><strong>Facebook (\u201egef\u00e4llt mir\u201c)<\/strong>:\u00a0Facebook Inc., 1601 S California Ave, Palo Alto, CA, 94304, USA<br \/><span style=\"font-weight: 300;\">N\u00e4here Informationen unter <a href=\"https:\/\/www.facebook.com\/about\/privacy\/\" target=\"_blank\" rel=\"noopener\">https:\/\/www.facebook.com\/about\/privacy\/<\/a><\/span><\/li><li><strong>Twitter<\/strong>:\u00a0Twitter Inc., 795 Folsom St., Suite 600, San Francisco, CA 94107, USA<br \/><span style=\"font-weight: 300;\">N\u00e4here Informationen unter <a href=\"https:\/\/twitter.com\/de\/privacy\" target=\"_blank\" rel=\"noopener\">https:\/\/twitter.com\/de\/privacy<\/a><\/span><\/li><li><strong>Google (\u201e+1\u201c)<\/strong>:\u00a0Google Inc., Amphitheatre Parkway, Mountain View, CA 94043, USA<br \/><span style=\"font-weight: 300;\">N\u00e4here Informationen unter <a href=\"https:\/\/policies.google.com\/privacy?hl=de&amp;gl=at\" target=\"_blank\" rel=\"noopener\">Google Datenschutzerkl\u00e4rung &amp; Nutzungsbedingungen<\/a><\/span><\/li><li><strong>Instagram<\/strong>:\u00a0Instagram, LLC Instagram Inc., 1601 Willow Road, Menlo Park, CA 94025, USA<br \/><span style=\"font-weight: 300;\">N\u00e4here Informationen unter <a href=\"https:\/\/help.instagram.com\/155833707900388\" target=\"_blank\" rel=\"noopener\">https:\/\/help.instagram.com\/155833707900388<\/a><\/span><\/li><\/ul><h2>Verwendung von YouTube<\/h2><p>Auf unserer Website verwenden wir zur Einbettung von YouTube-Videos die Funktion der YouTube LLC. (901 Cherry Ave., San Bruno, CA 94066, USA; \u201eYouTube\u201c).<\/p><p>YouTube ist ein mit der Google Inc. (1600 Amphitheatre Parkway, Mountain View, CA 94043, USA; \u201cGoogle\u201d) verbundenes Unternehmen.<\/p><p>Die Funktion zeigt in einem iFrame bei YouTube hinterlegte Videos auf der Website an. Dabei ist die Option \u201eErweiterter Datenschutzmodus\u201c aktiviert. Somit werden von YouTube keine Websitebesucherinformationen gespeichert. Nur wenn das Video angesehen wird, werden Informationen dar\u00fcber an YouTube \u00fcbermittelt und dort gespeichert.\u00a0Dies kann verhindert werden, indem Sie sich aus Ihrem YouTube-Account ausloggen.<\/p><p>N\u00e4here Informationen zur Erhebung und Nutzung der Daten durch YouTube und Google, \u00fcber Ihre diesbez\u00fcglichen Rechte und M\u00f6glichkeiten zum Schutz Ihrer Privatsph\u00e4re finden Sie in den Datenschutzhinweisen von YouTube: <a href=\"https:\/\/policies.google.com\/privacy?hl=de&amp;gl=at\" target=\"_blank\" rel=\"noopener\">Google Datenschutzerkl\u00e4rung &amp; Nutzungsbedingungen<\/a><\/p><h2>Newsletter<\/h2><p>Sie haben die M\u00f6glichkeit, \u00fcber unsere Website unseren Newsletter zu abonnieren. Mit diesem Newsletter \u00fcbermitteln wir Ihnen Informationen \u00fcber unsere Veranstaltungen und \u00fcber unsere Produkt- und Leistungsangebote sowie allgemeine Informationen \u00fcber uns. Hierf\u00fcr ben\u00f6tigen wir Ihre E-Mail-Adresse, ggf. ihren Namen (freiwillige Angabe) und ihre Erkl\u00e4rung, dass Sie mit dem Bezug des Newsletters einverstanden sind.<\/p><p>Sobald Sie sich f\u00fcr den Newsletter angemeldet haben, senden wir Ihnen ein Best\u00e4tigungs-E-Mail mit einem Link zur Best\u00e4tigung der Anmeldung (double Opt-in).<\/p><p>Unsere Newsletter enthalten sogenannte Z\u00e4hlpixel (Minigrafiken), durch die wir erkennen, ob und wann eine E-Mail ge\u00f6ffnet wurde und welchen Links in der E-Mail gefolgt wurde. Diese Informationen werden gespeichert, um unsere Newsletter optimal auf die Interessen unserer Abonnenten auszurichten.<\/p><p>Das Abo des Newsletters k\u00f6nnen Sie jederzeit stornieren. Senden Sie Ihre Stornierung bitte an o. g. E-Mail-Adresse oder nutzen Sie den Link am Ende des Newsletters (Opt-out). Wir l\u00f6schen anschlie\u00dfend umgehend Ihre Daten im Zusammenhang mit dem Newsletter-Versand.<\/p><h2>Ihre Rechte<\/h2><p>Ihnen stehen grunds\u00e4tzlich die Rechte auf Auskunft, Berichtigung, L\u00f6schung, Einschr\u00e4nkung, Daten\u00fcbertragbarkeit, Widerruf und Widerspruch zu. Wenn Sie glauben, dass die Verarbeitung Ihrer Daten gegen das Datenschutzrecht verst\u00f6\u00dft oder Ihre datenschutzrechtlichen Anspr\u00fcche sonst in einer Weise verletzt worden sind, so bitte wir Sie mit uns Kontakt aufzunehmen, um allf\u00e4llige Fragen aufkl\u00e4ren zu k\u00f6nnen. Sie k\u00f6nnen sich auch bei der Aufsichtsbeh\u00f6rde beschweren. In \u00d6sterreich ist dies die Datenschutzbeh\u00f6rde.<\/p><h2>Dauer der Datenspeicherung<\/h2><p>Die Nutzerdaten werden f\u00fcr die Dauer der gesetzlichen Aufbewahrungsfrist gespeichert und aufbewahrt. Nach Ablauf der Frist werden die entsprechenden Daten routinem\u00e4\u00dfig gel\u00f6scht, sofern sie nicht mehr zur Vertragserf\u00fcllung oder Vertragsanbahnung erforderlich sind.<\/p><h2>Geltungsdauer\/Aktualisierung der Bestimmungen<\/h2><p>Diese Datenschutzerkl\u00e4rung gilt ab 25. Mai 2018 und ersetzt die bestehenden Datenschutzbe\u00adstimmungen.<\/p><p>Wir behalten uns das Recht vor, diese Bestimmungen jederzeit entsprechend den Gesch\u00e4ftserfordernissen zu \u00e4ndern.<\/p>\n\n","protected":false},"excerpt":{"rendered":"<p>Sie erreichen uns unter folgenden Kontaktdaten: Verantwortlicher im Sinne der DSGVO ist:Tischlerei Hauser Ges.m.b.H.Mag. Josef Au\u00dferhofer Strasse 1A-6130 Schwaz Sie erreichen uns unter unserer zuvor genannten Firmenanschrift, per E-Mail unter\u00a0ti&#115;&#99;&#104;&#x6c;&#x65;&#x72;&#x65;ih&#97;&#117;&#115;&#x65;&#x72;&#x40;&#x73;ch&#119;&#97;&#122;&#x2e;&#x6e;&#x65;&#x74;sowie \u00fcber das Kontaktformular auf dieser Website.<\/p>\n","protected":false},"author":3,"featured_media":0,"parent":0,"menu_order":0,"comment_status":"closed","ping_status":"closed","template":"sidebar-page.php","meta":{"footnotes":""},"class_list":["post-319","page","type-page","status-publish","hentry"],"_links":{"self":[{"href":"http:\/\/www.tischlereihauser.at\/wordpress\/wp-json\/wp\/v2\/pages\/319","targetHints":{"allow":["GET"]}}],"collection":[{"href":"http:\/\/www.tischlereihauser.at\/wordpress\/wp-json\/wp\/v2\/pages"}],"about":[{"href":"http:\/\/www.tischlereihauser.at\/wordpress\/wp-json\/wp\/v2\/types\/page"}],"author":[{"embeddable":true,"href":"http:\/\/www.tischlereihauser.at\/wordpress\/wp-json\/wp\/v2\/users\/3"}],"replies":[{"embeddable":true,"href":"http:\/\/www.tischlereihauser.at\/wordpress\/wp-json\/wp\/v2\/comments?post=319"}],"version-history":[{"count":4,"href":"http:\/\/www.tischlereihauser.at\/wordpress\/wp-json\/wp\/v2\/pages\/319\/revisions"}],"predecessor-version":[{"id":337,"href":"http:\/\/www.tischlereihauser.at\/wordpress\/wp-json\/wp\/v2\/pages\/319\/revisions\/337"}],"wp:attachment":[{"href":"http:\/\/www.tischlereihauser.at\/wordpress\/wp-json\/wp\/v2\/media?parent=319"}],"curies":[{"name":"wp","href":"https:\/\/api.w.org\/{rel}","templated":true}]}}