{"id":29,"date":"2012-09-24T22:04:05","date_gmt":"2012-09-24T20:04:05","guid":{"rendered":"\/wordpress\/?page_id=29"},"modified":"2018-07-13T12:12:18","modified_gmt":"2018-07-13T10:12:18","slug":"einzelmoebel-vom-tischler-vor-ort","status":"publish","type":"page","link":"http:\/\/www.tischlereihauser.at\/wordpress\/einzelmoebel-vom-tischler-vor-ort\/","title":{"rendered":"Einzelm\u00f6bel vom Tischler vor Ort"},"content":{"rendered":"<h2><a href=\"\/wordpress\/wp-content\/uploads\/2012\/09\/hauser-moebel-39.jpg\"><img loading=\"lazy\" decoding=\"async\" class=\"alignright size-medium wp-image-91\" title=\"Tischlerei Hauser Vitrine\" src=\"\/wordpress\/wp-content\/uploads\/2012\/09\/hauser-moebel-39-300x199.jpg\" alt=\"Tischlerei Hauser Vitrine\" width=\"300\" height=\"199\" srcset=\"http:\/\/www.tischlereihauser.at\/wordpress\/wp-content\/uploads\/2012\/09\/hauser-moebel-39-300x199.jpg 300w, http:\/\/www.tischlereihauser.at\/wordpress\/wp-content\/uploads\/2012\/09\/hauser-moebel-39-450x300.jpg 450w, http:\/\/www.tischlereihauser.at\/wordpress\/wp-content\/uploads\/2012\/09\/hauser-moebel-39.jpg 900w\" sizes=\"auto, (max-width: 300px) 100vw, 300px\" \/><\/a>Design\u00a0zum guten Preis.<\/h2>\n<p><em><strong><br \/>Exklusive Designm\u00f6bel.<\/strong><\/em><\/p>\n<p>Einzigartige M\u00f6bel spiegeln die individuelle Pers\u00f6nlichkeit Ihres Besitzers wieder.<\/p>\n<p>Wir fertigen exklusive Objekte ganz nach den pers\u00f6nlichen W\u00fcnschen und Anforderungen unserer Kunden.<\/p>\n<p>Dabei werden Funktionalit\u00e4t, die Umgebung sowie ein passendes Designthema ber\u00fccksichtigt.<\/p>\n<p>Wir setzen Ihre Vorstellungen perfekt in Form und Qualit\u00e4t um. Bis ins kleinste Detail.<\/p>\n<p>Lassen Sie sich von uns \u00fcberzeugen.<span style=\"text-align: center;\">\u00a0\u00a0<\/span><\/p>\n\n\t\t<style type=\"text\/css\">\n\t\t\t#gallery-1 {\n\t\t\t\tmargin: auto;\n\t\t\t}\n\t\t\t#gallery-1 .gallery-item {\n\t\t\t\tfloat: left;\n\t\t\t\tmargin-top: 10px;\n\t\t\t\ttext-align: center;\n\t\t\t\twidth: 100%;\n\t\t\t}\n\t\t\t#gallery-1 img {\n\t\t\t\tborder: 2px solid #cfcfcf;\n\t\t\t}\n\t\t\t#gallery-1 .gallery-caption {\n\t\t\t\tmargin-left: 0;\n\t\t\t}\n\t\t\t\/* see gallery_shortcode() in wp-includes\/media.php *\/\n\t\t<\/style>\n\t\t<div id='gallery-1' class='gallery galleryid-29 gallery-columns-0 gallery-size-thumbnail'><dl class='gallery-item'>\n\t\t\t<dt class='gallery-icon landscape'>\n\t\t\t\t<a href='http:\/\/www.tischlereihauser.at\/wordpress\/wp-content\/uploads\/2012\/09\/bank-P4200771-1.jpg'><img loading=\"lazy\" decoding=\"async\" width=\"150\" height=\"150\" src=\"http:\/\/www.tischlereihauser.at\/wordpress\/wp-content\/uploads\/2012\/09\/bank-P4200771-1-150x150.jpg\" class=\"attachment-thumbnail size-thumbnail\" alt=\"\" \/><\/a>\n\t\t\t<\/dt><\/dl><dl class='gallery-item'>\n\t\t\t<dt class='gallery-icon landscape'>\n\t\t\t\t<a href='http:\/\/www.tischlereihauser.at\/wordpress\/wp-content\/uploads\/2012\/09\/Brotlade.jpg'><img loading=\"lazy\" decoding=\"async\" width=\"150\" height=\"150\" src=\"http:\/\/www.tischlereihauser.at\/wordpress\/wp-content\/uploads\/2012\/09\/Brotlade-150x150.jpg\" class=\"attachment-thumbnail size-thumbnail\" alt=\"\" \/><\/a>\n\t\t\t<\/dt><\/dl><dl class='gallery-item'>\n\t\t\t<dt class='gallery-icon landscape'>\n\t\t\t\t<a href='http:\/\/www.tischlereihauser.at\/wordpress\/wp-content\/uploads\/2012\/09\/hauser-moebel-21.jpg'><img loading=\"lazy\" decoding=\"async\" width=\"150\" height=\"150\" src=\"http:\/\/www.tischlereihauser.at\/wordpress\/wp-content\/uploads\/2012\/09\/hauser-moebel-21-150x150.jpg\" class=\"attachment-thumbnail size-thumbnail\" alt=\"Tischlerei Hauser Einzelm\u00f6bel\" \/><\/a>\n\t\t\t<\/dt><\/dl><dl class='gallery-item'>\n\t\t\t<dt class='gallery-icon landscape'>\n\t\t\t\t<a href='http:\/\/www.tischlereihauser.at\/wordpress\/wp-content\/uploads\/2012\/09\/hauser-moebel-37.jpg'><img loading=\"lazy\" decoding=\"async\" width=\"150\" height=\"150\" src=\"http:\/\/www.tischlereihauser.at\/wordpress\/wp-content\/uploads\/2012\/09\/hauser-moebel-37-150x150.jpg\" class=\"attachment-thumbnail size-thumbnail\" alt=\"Tischlerei Hauser Einzelm\u00f6bel\" \/><\/a>\n\t\t\t<\/dt><\/dl><dl class='gallery-item'>\n\t\t\t<dt class='gallery-icon landscape'>\n\t\t\t\t<a href='http:\/\/www.tischlereihauser.at\/wordpress\/wp-content\/uploads\/2012\/09\/kommode-DSC01280.jpg'><img loading=\"lazy\" decoding=\"async\" width=\"150\" height=\"150\" src=\"http:\/\/www.tischlereihauser.at\/wordpress\/wp-content\/uploads\/2012\/09\/kommode-DSC01280-150x150.jpg\" class=\"attachment-thumbnail size-thumbnail\" alt=\"\" \/><\/a>\n\t\t\t<\/dt><\/dl><dl class='gallery-item'>\n\t\t\t<dt class='gallery-icon portrait'>\n\t\t\t\t<a href='http:\/\/www.tischlereihauser.at\/wordpress\/wp-content\/uploads\/2012\/09\/kommode-DSC01285.jpg'><img loading=\"lazy\" decoding=\"async\" width=\"150\" height=\"150\" src=\"http:\/\/www.tischlereihauser.at\/wordpress\/wp-content\/uploads\/2012\/09\/kommode-DSC01285-150x150.jpg\" class=\"attachment-thumbnail size-thumbnail\" alt=\"\" \/><\/a>\n\t\t\t<\/dt><\/dl><dl class='gallery-item'>\n\t\t\t<dt class='gallery-icon portrait'>\n\t\t\t\t<a href='http:\/\/www.tischlereihauser.at\/wordpress\/wp-content\/uploads\/2012\/09\/P3160490.jpg'><img loading=\"lazy\" decoding=\"async\" width=\"150\" height=\"150\" src=\"http:\/\/www.tischlereihauser.at\/wordpress\/wp-content\/uploads\/2012\/09\/P3160490-150x150.jpg\" class=\"attachment-thumbnail size-thumbnail\" alt=\"Tischlerei Hauser - Kasten\" \/><\/a>\n\t\t\t<\/dt><\/dl><dl class='gallery-item'>\n\t\t\t<dt class='gallery-icon landscape'>\n\t\t\t\t<a href='http:\/\/www.tischlereihauser.at\/wordpress\/wp-content\/uploads\/2012\/09\/P4110692.jpg'><img loading=\"lazy\" decoding=\"async\" width=\"150\" height=\"150\" src=\"http:\/\/www.tischlereihauser.at\/wordpress\/wp-content\/uploads\/2012\/09\/P4110692-150x150.jpg\" class=\"attachment-thumbnail size-thumbnail\" alt=\"Holztisch - Tischlerei Hauser\" \/><\/a>\n\t\t\t<\/dt><\/dl><dl class='gallery-item'>\n\t\t\t<dt class='gallery-icon landscape'>\n\t\t\t\t<a href='http:\/\/www.tischlereihauser.at\/wordpress\/wp-content\/uploads\/2012\/09\/tisch-CIMG1441.jpg'><img loading=\"lazy\" decoding=\"async\" width=\"150\" height=\"150\" src=\"http:\/\/www.tischlereihauser.at\/wordpress\/wp-content\/uploads\/2012\/09\/tisch-CIMG1441-150x150.jpg\" class=\"attachment-thumbnail size-thumbnail\" alt=\"\" \/><\/a>\n\t\t\t<\/dt><\/dl><dl class='gallery-item'>\n\t\t\t<dt class='gallery-icon landscape'>\n\t\t\t\t<a href='http:\/\/www.tischlereihauser.at\/wordpress\/wp-content\/uploads\/2012\/09\/tisch-DSC01175-crp.jpg'><img loading=\"lazy\" decoding=\"async\" width=\"150\" height=\"150\" src=\"http:\/\/www.tischlereihauser.at\/wordpress\/wp-content\/uploads\/2012\/09\/tisch-DSC01175-crp-150x150.jpg\" class=\"attachment-thumbnail size-thumbnail\" alt=\"\" \/><\/a>\n\t\t\t<\/dt><\/dl><dl class='gallery-item'>\n\t\t\t<dt class='gallery-icon portrait'>\n\t\t\t\t<a href='http:\/\/www.tischlereihauser.at\/wordpress\/wp-content\/uploads\/2012\/09\/tisch-P2160504-1.jpg'><img loading=\"lazy\" decoding=\"async\" width=\"150\" height=\"150\" src=\"http:\/\/www.tischlereihauser.at\/wordpress\/wp-content\/uploads\/2012\/09\/tisch-P2160504-1-150x150.jpg\" class=\"attachment-thumbnail size-thumbnail\" alt=\"\" \/><\/a>\n\t\t\t<\/dt><\/dl><dl class='gallery-item'>\n\t\t\t<dt class='gallery-icon landscape'>\n\t\t\t\t<a href='http:\/\/www.tischlereihauser.at\/wordpress\/wp-content\/uploads\/2012\/09\/tisch-P6124102-prc.jpg'><img loading=\"lazy\" decoding=\"async\" width=\"150\" height=\"150\" src=\"http:\/\/www.tischlereihauser.at\/wordpress\/wp-content\/uploads\/2012\/09\/tisch-P6124102-prc-150x150.jpg\" class=\"attachment-thumbnail size-thumbnail\" alt=\"\" \/><\/a>\n\t\t\t<\/dt><\/dl><dl class='gallery-item'>\n\t\t\t<dt class='gallery-icon landscape'>\n\t\t\t\t<a href='http:\/\/www.tischlereihauser.at\/wordpress\/wp-content\/uploads\/2012\/09\/tisch-P6204116-crp-prc.jpg'><img loading=\"lazy\" decoding=\"async\" width=\"150\" height=\"150\" src=\"http:\/\/www.tischlereihauser.at\/wordpress\/wp-content\/uploads\/2012\/09\/tisch-P6204116-crp-prc-150x150.jpg\" class=\"attachment-thumbnail size-thumbnail\" alt=\"\" \/><\/a>\n\t\t\t<\/dt><\/dl><dl class='gallery-item'>\n\t\t\t<dt class='gallery-icon landscape'>\n\t\t\t\t<a href='http:\/\/www.tischlereihauser.at\/wordpress\/wp-content\/uploads\/2012\/09\/hauser-moebel-39.jpg'><img loading=\"lazy\" decoding=\"async\" width=\"150\" height=\"150\" src=\"http:\/\/www.tischlereihauser.at\/wordpress\/wp-content\/uploads\/2012\/09\/hauser-moebel-39-150x150.jpg\" class=\"attachment-thumbnail size-thumbnail\" alt=\"Tischlerei Hauser Vitrine\" \/><\/a>\n\t\t\t<\/dt><\/dl>\n\t\t<\/div>\n\n","protected":false},"excerpt":{"rendered":"<p>Design\u00a0zum guten Preis. Exklusive Designm\u00f6bel. Einzigartige M\u00f6bel spiegeln die individuelle Pers\u00f6nlichkeit Ihres Besitzers wieder. Wir fertigen exklusive Objekte ganz nach den pers\u00f6nlichen W\u00fcnschen und Anforderungen unserer Kunden. Dabei werden Funktionalit\u00e4t, die Umgebung sowie ein passendes Designthema ber\u00fccksichtigt. Wir setzen Ihre &hellip; <a href=\"http:\/\/www.tischlereihauser.at\/wordpress\/einzelmoebel-vom-tischler-vor-ort\/\">Weiterlesen <span class=\"meta-nav\">&rarr;<\/span><\/a><\/p>\n","protected":false},"author":3,"featured_media":0,"parent":0,"menu_order":0,"comment_status":"closed","ping_status":"open","template":"sidebar-page.php","meta":{"footnotes":""},"class_list":["post-29","page","type-page","status-publish","hentry"],"_links":{"self":[{"href":"http:\/\/www.tischlereihauser.at\/wordpress\/wp-json\/wp\/v2\/pages\/29","targetHints":{"allow":["GET"]}}],"collection":[{"href":"http:\/\/www.tischlereihauser.at\/wordpress\/wp-json\/wp\/v2\/pages"}],"about":[{"href":"http:\/\/www.tischlereihauser.at\/wordpress\/wp-json\/wp\/v2\/types\/page"}],"author":[{"embeddable":true,"href":"http:\/\/www.tischlereihauser.at\/wordpress\/wp-json\/wp\/v2\/users\/3"}],"replies":[{"embeddable":true,"href":"http:\/\/www.tischlereihauser.at\/wordpress\/wp-json\/wp\/v2\/comments?post=29"}],"version-history":[{"count":11,"href":"http:\/\/www.tischlereihauser.at\/wordpress\/wp-json\/wp\/v2\/pages\/29\/revisions"}],"predecessor-version":[{"id":318,"href":"http:\/\/www.tischlereihauser.at\/wordpress\/wp-json\/wp\/v2\/pages\/29\/revisions\/318"}],"wp:attachment":[{"href":"http:\/\/www.tischlereihauser.at\/wordpress\/wp-json\/wp\/v2\/media?parent=29"}],"curies":[{"name":"wp","href":"https:\/\/api.w.org\/{rel}","templated":true}]}}