{"id":27,"date":"2012-09-24T22:03:28","date_gmt":"2012-09-24T20:03:28","guid":{"rendered":"\/wordpress\/?page_id=27"},"modified":"2012-10-02T12:58:09","modified_gmt":"2012-10-02T10:58:09","slug":"schlafzimmermoebel-vom-tischlereifachbetrieb","status":"publish","type":"page","link":"http:\/\/www.tischlereihauser.at\/wordpress\/schlafzimmermoebel-vom-tischlereifachbetrieb\/","title":{"rendered":"Schlafzimmerm\u00f6bel vom Tischlereifachbetrieb"},"content":{"rendered":"<h2>Geborgenheit, W\u00e4rme und ein nat\u00fcrliches Raumklima.<\/h2>\n<p><strong><em><br \/> Energien tanken durch gesunden Schlaf!<\/em><\/strong><\/p>\n<p>Der gesunde Schlaf ist die wichtigste Anforderung an das Schlafzimmer, bei weitem aber nicht die einzige. Die Funktionalit\u00e4t ist mindestens ebenso wichtig wie Design.<\/p>\n<p>Denn Sie ben\u00f6tigen auch Stauraum, B\u00fccherregale f\u00fcr die abendliche Lekt\u00fcre, Ablagen f\u00fcr pers\u00f6nliche Dinge, mitunter auch einen Kleiderschrank oder einen begehbaren Schrank. Die Tischlerei Hauser bietet Ihnen gestalterischen Freiraum.<\/p>\n<p>Ihre Vorstellungen und Bed\u00fcrfnisse sind die Basis f\u00fcr unsere Planung. Die Vielfalt der Holzarten, die Auswahl an Beschl\u00e4gen, ausgefallenen Dekoren lassen undendlich viele Variationsm\u00f6glichkeiten zu.<\/p>\n<p>Um alle Erfordernisse Ihres Schlafzimmers auf den Punkt zu bringen bedarf es exakter und umsichtiger Planung. Fragen Sie uns, wir beraten Sie gerne unverbindlich.<\/p>\n<p style=\"text-align: center;\"><a href=\"\/wordpress\/wp-content\/uploads\/2012\/09\/hauser-schlafzimmer-PB170177.jpg\"><img loading=\"lazy\" decoding=\"async\" class=\"alignnone size-thumbnail wp-image-76\" style=\"color: #333333; font-style: normal; line-height: 18px;\" title=\"Tischlerei Hauser Schlafzimmer M\u00f6bel\" src=\"\/wordpress\/wp-content\/uploads\/2012\/09\/hauser-schlafzimmer-PB170177-150x150.jpg\" alt=\"Tischlerei Hauser Schlafzimmer M\u00f6bel\" width=\"150\" height=\"150\" \/><\/a>\u00a0 \u00a0<a href=\"\/wordpress\/wp-content\/uploads\/2012\/09\/hauser-schlafzimmer-P2160510.jpg\"><img loading=\"lazy\" decoding=\"async\" class=\"alignnone size-thumbnail wp-image-75\" title=\"Tischlerei Hauser Schlafzimmer M\u00f6bel\" src=\"\/wordpress\/wp-content\/uploads\/2012\/09\/hauser-schlafzimmer-P2160510-150x150.jpg\" alt=\"Tischlerei Hauser Schlafzimmer M\u00f6bel\" width=\"150\" height=\"150\" \/><\/a><\/p>\n<p style=\"text-align: center;\"><a href=\"\/wordpress\/wp-content\/uploads\/2012\/09\/hauser-schlafzimmer-P8082335.jpg\"><img loading=\"lazy\" decoding=\"async\" class=\"alignnone size-thumbnail wp-image-74\" title=\"Tischlerei Hauser Schlafzimmer M\u00f6bel\" src=\"\/wordpress\/wp-content\/uploads\/2012\/09\/hauser-schlafzimmer-P8082335-150x150.jpg\" alt=\"Tischlerei Hauser Schlafzimmer M\u00f6bel\" width=\"150\" height=\"150\" \/><\/a>\u00a0 \u00a0<a href=\"\/wordpress\/wp-content\/uploads\/2012\/09\/schlafzimmer-P5154001.jpg\"><img loading=\"lazy\" decoding=\"async\" class=\"alignnone size-thumbnail wp-image-268\" title=\"Tischlerei Hauser - Schlafzimmer\" src=\"\/wordpress\/wp-content\/uploads\/2012\/09\/schlafzimmer-P5154001-150x150.jpg\" alt=\"Tischlerei Hauser - Schlafzimmer\" width=\"150\" height=\"150\" \/><\/a><\/p>\n","protected":false},"excerpt":{"rendered":"<p>Geborgenheit, W\u00e4rme und ein nat\u00fcrliches Raumklima. Energien tanken durch gesunden Schlaf! Der gesunde Schlaf ist die wichtigste Anforderung an das Schlafzimmer, bei weitem aber nicht die einzige. Die Funktionalit\u00e4t ist mindestens ebenso wichtig wie Design. Denn Sie ben\u00f6tigen auch Stauraum, &hellip; <a href=\"http:\/\/www.tischlereihauser.at\/wordpress\/schlafzimmermoebel-vom-tischlereifachbetrieb\/\">Weiterlesen <span class=\"meta-nav\">&rarr;<\/span><\/a><\/p>\n","protected":false},"author":3,"featured_media":0,"parent":0,"menu_order":0,"comment_status":"closed","ping_status":"open","template":"sidebar-page.php","meta":{"footnotes":""},"class_list":["post-27","page","type-page","status-publish","hentry"],"_links":{"self":[{"href":"http:\/\/www.tischlereihauser.at\/wordpress\/wp-json\/wp\/v2\/pages\/27","targetHints":{"allow":["GET"]}}],"collection":[{"href":"http:\/\/www.tischlereihauser.at\/wordpress\/wp-json\/wp\/v2\/pages"}],"about":[{"href":"http:\/\/www.tischlereihauser.at\/wordpress\/wp-json\/wp\/v2\/types\/page"}],"author":[{"embeddable":true,"href":"http:\/\/www.tischlereihauser.at\/wordpress\/wp-json\/wp\/v2\/users\/3"}],"replies":[{"embeddable":true,"href":"http:\/\/www.tischlereihauser.at\/wordpress\/wp-json\/wp\/v2\/comments?post=27"}],"version-history":[{"count":12,"href":"http:\/\/www.tischlereihauser.at\/wordpress\/wp-json\/wp\/v2\/pages\/27\/revisions"}],"predecessor-version":[{"id":290,"href":"http:\/\/www.tischlereihauser.at\/wordpress\/wp-json\/wp\/v2\/pages\/27\/revisions\/290"}],"wp:attachment":[{"href":"http:\/\/www.tischlereihauser.at\/wordpress\/wp-json\/wp\/v2\/media?parent=27"}],"curies":[{"name":"wp","href":"https:\/\/api.w.org\/{rel}","templated":true}]}}