{"id":25,"date":"2012-09-24T22:02:44","date_gmt":"2012-09-24T20:02:44","guid":{"rendered":"\/wordpress\/?page_id=25"},"modified":"2012-10-02T12:23:07","modified_gmt":"2012-10-02T10:23:07","slug":"badezimmermoebel-vom-tischler","status":"publish","type":"page","link":"http:\/\/www.tischlereihauser.at\/wordpress\/badezimmermoebel-vom-tischler\/","title":{"rendered":"Badezimmerm\u00f6bel vom Tischler"},"content":{"rendered":"<h2>Das Badezimmer:\u00a0ein Ort der Erholung und Entspannung.<\/h2>\n<p><em><strong><br \/> Wir fertigen Ihre Badeoase!<\/strong><\/em><\/p>\n<p>Die Anspr\u00fcche an moderne Badezimmer sind in den letzten Jahren deutlich gestiegen. Fr\u00fcher musste ein Bad vor allem praktisch sein und gerade so viel Platz einnehmen wie n\u00f6tig. Durch den Wellnessgedanken \u00a0hat das Badezimmer von heute deutlich an Stellenwert gewonnen.<\/p>\n<p>Die exakte und professionelle Planung \u00a0ist von entscheidender Bedeutung, um den vorhandenen Platz optimal n\u00fctzen zu k\u00f6nnen.<\/p>\n<p>Wir sind in der Lage, Ihnen die Pl\u00e4ne Ihres neuen Bades in 3D-Optik zu erstellen. Damit wissen Sie bereits in der Planungsphase exakt, wie Ihr Traumbad aussehen wird.<\/p>\n<p>Denn wir haben nur ein Ziel: Dass Sie mit Ihrem neuen Bad rundum zufrieden sind \u2013 f\u00fcr viele Jahre!<\/p>\n<p style=\"text-align: center;\"><a href=\"\/wordpress\/wp-content\/uploads\/2012\/09\/P2070475-1.jpg\"><img loading=\"lazy\" decoding=\"async\" class=\"alignnone size-thumbnail wp-image-68\" title=\"Tischlerei Hauser Badezimmer M\u00f6bel\" src=\"\/wordpress\/wp-content\/uploads\/2012\/09\/P2070475-1-150x150.jpg\" alt=\"Tischlerei Hauser Badezimmer M\u00f6bel\" width=\"150\" height=\"150\" \/><\/a>\u00a0 \u00a0<a href=\"\/wordpress\/wp-content\/uploads\/2012\/09\/hauser-moebel-17.jpg\"><img loading=\"lazy\" decoding=\"async\" class=\"alignnone size-thumbnail wp-image-69\" title=\"Tischlerei Hauser Badezimmer M\u00f6bel\" src=\"\/wordpress\/wp-content\/uploads\/2012\/09\/hauser-moebel-17-150x150.jpg\" alt=\"Tischlerei Hauser Badezimmer M\u00f6bel\" width=\"150\" height=\"150\" \/><\/a>\u00a0 \u00a0<a href=\"\/wordpress\/wp-content\/uploads\/2012\/09\/Unbenannt-20.jpg\"><img loading=\"lazy\" decoding=\"async\" class=\"alignnone size-thumbnail wp-image-70\" title=\"Tischlerei Hauser Badezimmer M\u00f6bel\" src=\"\/wordpress\/wp-content\/uploads\/2012\/09\/Unbenannt-20-150x150.jpg\" alt=\"Tischlerei Hauser Badezimmer M\u00f6bel\" width=\"150\" height=\"150\" \/><\/a><\/p>\n<p style=\"text-align: center;\"><a href=\"\/wordpress\/wp-content\/uploads\/2012\/09\/badezimmer-karte.jpg\"><img loading=\"lazy\" decoding=\"async\" class=\"size-thumbnail wp-image-280 alignnone\" title=\"Tischlerei Hauser - Badezimmer\" src=\"\/wordpress\/wp-content\/uploads\/2012\/09\/badezimmer-karte-150x150.jpg\" alt=\"Tischlerei Hauser - Badezimmer\" width=\"150\" height=\"150\" \/><\/a>\u00a0\u00a0 <a href=\"\/wordpress\/wp-content\/uploads\/2012\/09\/badezimmer-CIMG6700.jpg\"><img loading=\"lazy\" decoding=\"async\" class=\"size-thumbnail wp-image-279 alignnone\" title=\"Tischlerei Hauser - Badezimmer\" src=\"\/wordpress\/wp-content\/uploads\/2012\/09\/badezimmer-CIMG6700-150x150.jpg\" alt=\"Tischlerei Hauser - Badezimmer\" width=\"150\" height=\"150\" \/><\/a><\/p>\n","protected":false},"excerpt":{"rendered":"<p>Das Badezimmer:\u00a0ein Ort der Erholung und Entspannung. Wir fertigen Ihre Badeoase! Die Anspr\u00fcche an moderne Badezimmer sind in den letzten Jahren deutlich gestiegen. Fr\u00fcher musste ein Bad vor allem praktisch sein und gerade so viel Platz einnehmen wie n\u00f6tig. Durch &hellip; <a href=\"http:\/\/www.tischlereihauser.at\/wordpress\/badezimmermoebel-vom-tischler\/\">Weiterlesen <span class=\"meta-nav\">&rarr;<\/span><\/a><\/p>\n","protected":false},"author":3,"featured_media":0,"parent":0,"menu_order":0,"comment_status":"closed","ping_status":"open","template":"sidebar-page.php","meta":{"footnotes":""},"class_list":["post-25","page","type-page","status-publish","hentry"],"_links":{"self":[{"href":"http:\/\/www.tischlereihauser.at\/wordpress\/wp-json\/wp\/v2\/pages\/25","targetHints":{"allow":["GET"]}}],"collection":[{"href":"http:\/\/www.tischlereihauser.at\/wordpress\/wp-json\/wp\/v2\/pages"}],"about":[{"href":"http:\/\/www.tischlereihauser.at\/wordpress\/wp-json\/wp\/v2\/types\/page"}],"author":[{"embeddable":true,"href":"http:\/\/www.tischlereihauser.at\/wordpress\/wp-json\/wp\/v2\/users\/3"}],"replies":[{"embeddable":true,"href":"http:\/\/www.tischlereihauser.at\/wordpress\/wp-json\/wp\/v2\/comments?post=25"}],"version-history":[{"count":12,"href":"http:\/\/www.tischlereihauser.at\/wordpress\/wp-json\/wp\/v2\/pages\/25\/revisions"}],"predecessor-version":[{"id":67,"href":"http:\/\/www.tischlereihauser.at\/wordpress\/wp-json\/wp\/v2\/pages\/25\/revisions\/67"}],"wp:attachment":[{"href":"http:\/\/www.tischlereihauser.at\/wordpress\/wp-json\/wp\/v2\/media?parent=25"}],"curies":[{"name":"wp","href":"https:\/\/api.w.org\/{rel}","templated":true}]}}