{"id":21,"date":"2012-09-24T22:00:17","date_gmt":"2012-09-24T20:00:17","guid":{"rendered":"\/wordpress\/?page_id=21"},"modified":"2012-10-02T12:55:33","modified_gmt":"2012-10-02T10:55:33","slug":"kuechen-nach-mass-vom-tischler","status":"publish","type":"page","link":"http:\/\/www.tischlereihauser.at\/wordpress\/kuechen-nach-mass-vom-tischler\/","title":{"rendered":"K\u00fcchen nach Ma\u00df vom Tischler"},"content":{"rendered":"<h2>Individuell\u00a0nach Ihren W\u00fcnschen geplant.<\/h2>\n<p><em><strong><br \/> Was muss die moderne K\u00fcche von heute k\u00f6nnen?<\/strong><\/em><\/p>\n<p>Funktionalit\u00e4t, wo man alles in Griffweite vorfindet, einen\u00a0 perfekten Arbeitsplatz, der auch ergonomisch alle W\u00fcnsche erf\u00fcllt und sie soll dem Design von heute gerecht werden.<\/p>\n<p>Dies erfordert besonderen Feinsinn in der Planung und Gestaltung, denn schlie\u00dflich soll die neue K\u00fcche zum Wohntraum werden.<\/p>\n<p>Durch gezielten Materialmix mit Elementen aus Holz, Glas und Edelstahl wird eine K\u00fcche schon allein optisch wohnlicher und einladend.<\/p>\n<p>Wenn auch Sie Wert auf durchdachte Planung und professionelle Ausf\u00fchrung legen, rufen Sie uns an. Wir unterbreiten Ihnen gerne ein unverbindliches Angebot.<\/p>\n<p style=\"text-align: center;\"><a href=\"\/wordpress\/wp-content\/uploads\/2012\/09\/kueche-SC04471.jpg\"><img loading=\"lazy\" decoding=\"async\" class=\"alignnone size-thumbnail wp-image-274\" title=\"Tischlerei Hauser - K\u00fcche\" src=\"\/wordpress\/wp-content\/uploads\/2012\/09\/kueche-SC04471-150x150.jpg\" alt=\"Tischlerei Hauser - K\u00fcche\" width=\"150\" height=\"150\" \/><\/a>\u00a0\u00a0 <a href=\"\/wordpress\/wp-content\/uploads\/2012\/09\/kueche-PICT0068.jpg\"><img loading=\"lazy\" decoding=\"async\" class=\"alignnone size-thumbnail wp-image-273\" title=\"Tischlerei Hauser - K\u00fcche\" src=\"\/wordpress\/wp-content\/uploads\/2012\/09\/kueche-PICT0068-150x150.jpg\" alt=\"Tischlerei Hauser - K\u00fcche\" width=\"150\" height=\"150\" \/><\/a> \u00a0 <a href=\"\/wordpress\/wp-content\/uploads\/2012\/09\/hauser-kueche.jpg\"><img loading=\"lazy\" decoding=\"async\" class=\"alignnone size-thumbnail wp-image-57\" title=\"Tischlerei Hauser K\u00fcchen M\u00f6bel\" src=\"\/wordpress\/wp-content\/uploads\/2012\/09\/hauser-kueche-150x150.jpg\" alt=\"Tischlerei Hauser K\u00fcchen M\u00f6bel\" width=\"150\" height=\"150\" \/><\/a>\u00a0 \u00a0<a href=\"\/wordpress\/wp-content\/uploads\/2012\/09\/hauser-moebel-28.jpg\"><img loading=\"lazy\" decoding=\"async\" class=\"alignnone size-thumbnail wp-image-56\" title=\"Tischlerei Hauser K\u00fcchen M\u00f6bel\" src=\"\/wordpress\/wp-content\/uploads\/2012\/09\/hauser-moebel-28-150x150.jpg\" alt=\"Tischlerei Hauser K\u00fcchen M\u00f6bel\" width=\"150\" height=\"150\" \/><\/a>\u00a0 \u00a0<a href=\"\/wordpress\/wp-content\/uploads\/2012\/09\/kueche-P2213728.jpg\"><img loading=\"lazy\" decoding=\"async\" class=\"alignnone size-thumbnail wp-image-271\" title=\"Tischlerei Hauser - K\u00fcche\" src=\"\/wordpress\/wp-content\/uploads\/2012\/09\/kueche-P2213728-150x150.jpg\" alt=\"Tischlerei Hauser - K\u00fcche\" width=\"150\" height=\"150\" \/><\/a>\u00a0 \u00a0<a href=\"\/wordpress\/wp-content\/uploads\/2012\/09\/kueche-DSC00048.jpg\"><img loading=\"lazy\" decoding=\"async\" class=\"alignnone size-thumbnail wp-image-270\" title=\"Tischlerei Hauser - K\u00fcche\" src=\"\/wordpress\/wp-content\/uploads\/2012\/09\/kueche-DSC00048-150x150.jpg\" alt=\"Tischlerei Hauser - K\u00fcche\" width=\"150\" height=\"150\" \/><\/a><\/p>\n","protected":false},"excerpt":{"rendered":"<p>Individuell\u00a0nach Ihren W\u00fcnschen geplant. Was muss die moderne K\u00fcche von heute k\u00f6nnen? Funktionalit\u00e4t, wo man alles in Griffweite vorfindet, einen\u00a0 perfekten Arbeitsplatz, der auch ergonomisch alle W\u00fcnsche erf\u00fcllt und sie soll dem Design von heute gerecht werden. Dies erfordert besonderen &hellip; <a href=\"http:\/\/www.tischlereihauser.at\/wordpress\/kuechen-nach-mass-vom-tischler\/\">Weiterlesen <span class=\"meta-nav\">&rarr;<\/span><\/a><\/p>\n","protected":false},"author":3,"featured_media":0,"parent":0,"menu_order":0,"comment_status":"closed","ping_status":"open","template":"sidebar-page.php","meta":{"footnotes":""},"class_list":["post-21","page","type-page","status-publish","hentry"],"_links":{"self":[{"href":"http:\/\/www.tischlereihauser.at\/wordpress\/wp-json\/wp\/v2\/pages\/21","targetHints":{"allow":["GET"]}}],"collection":[{"href":"http:\/\/www.tischlereihauser.at\/wordpress\/wp-json\/wp\/v2\/pages"}],"about":[{"href":"http:\/\/www.tischlereihauser.at\/wordpress\/wp-json\/wp\/v2\/types\/page"}],"author":[{"embeddable":true,"href":"http:\/\/www.tischlereihauser.at\/wordpress\/wp-json\/wp\/v2\/users\/3"}],"replies":[{"embeddable":true,"href":"http:\/\/www.tischlereihauser.at\/wordpress\/wp-json\/wp\/v2\/comments?post=21"}],"version-history":[{"count":11,"href":"http:\/\/www.tischlereihauser.at\/wordpress\/wp-json\/wp\/v2\/pages\/21\/revisions"}],"predecessor-version":[{"id":55,"href":"http:\/\/www.tischlereihauser.at\/wordpress\/wp-json\/wp\/v2\/pages\/21\/revisions\/55"}],"wp:attachment":[{"href":"http:\/\/www.tischlereihauser.at\/wordpress\/wp-json\/wp\/v2\/media?parent=21"}],"curies":[{"name":"wp","href":"https:\/\/api.w.org\/{rel}","templated":true}]}}