{"id":13,"date":"2012-09-24T21:55:36","date_gmt":"2012-09-24T19:55:36","guid":{"rendered":"\/wordpress\/?page_id=13"},"modified":"2012-10-24T13:43:36","modified_gmt":"2012-10-24T11:43:36","slug":"werkstoffe","status":"publish","type":"page","link":"http:\/\/www.tischlereihauser.at\/wordpress\/werkstoffe\/","title":{"rendered":"Werkstoffe, die wir in der Tischlerei Hauser verwenden"},"content":{"rendered":"<p>Holz dient seit tausenden von Jahren als Baumaterial und ist ein gro\u00dfer Teil des menschlichen Lebens.<\/p>\n<p>Die typischen Maserungen, die man bei allen Holzarten findet, sind auf die Struktur und die \u00e4u\u00dferen Einfl\u00fcsse der Umwelt zur\u00fcckzuf\u00fchren. Jedes Holz hat deshalb seine Eigenheiten.<\/p>\n<p>F\u00fcr jedes Projekt sortieren wir das Holz eigenh\u00e4ndig beim Fachh\u00e4ndler aus, damit sie von Anfang an beste Qualit\u00e4t ins Haus geliefert bekommen.<\/p>\n<p><a href=\"\/wordpress\/wp-content\/uploads\/2012\/09\/Riegelahorn.jpg\"><img loading=\"lazy\" decoding=\"async\" class=\"alignright size-thumbnail wp-image-198\" title=\"Riegelahorn\" src=\"\/wordpress\/wp-content\/uploads\/2012\/09\/Riegelahorn-150x150.jpg\" alt=\"Riegelahorn\" width=\"150\" height=\"150\" srcset=\"http:\/\/www.tischlereihauser.at\/wordpress\/wp-content\/uploads\/2012\/09\/Riegelahorn-150x150.jpg 150w, http:\/\/www.tischlereihauser.at\/wordpress\/wp-content\/uploads\/2012\/09\/Riegelahorn-300x300.jpg 300w, http:\/\/www.tischlereihauser.at\/wordpress\/wp-content\/uploads\/2012\/09\/Riegelahorn.jpg 600w\" sizes=\"auto, (max-width: 150px) 100vw, 150px\" \/><\/a><\/p>\n<h2>Ahorn<\/h2>\n<p><em><strong>Eigenschaften<\/strong>:<br \/><\/em>Sehr hartes und dichtes Holz, besitzt eine hell-beige F\u00e4rbung \u00e4hnlich der Birke. Tritt als Bergahorn und Spitzahorn auf.<\/p>\n<p><em><strong>Verwendung<\/strong>:<br \/><\/em>Wird vor allem zu Designerm\u00f6beln und Einzelst\u00fccken verarbeitet. Es ist aber auch in Schlafzimmern und K\u00fcchen einsetzbar.<\/p>\n<hr \/>\n<p><a href=\"\/wordpress\/wp-content\/uploads\/2012\/09\/birne-holz-Wood_Pirus_communis.jpg\"><img loading=\"lazy\" decoding=\"async\" class=\"alignright\" title=\"Birnenholz - Pirus communis\" src=\"\/wordpress\/wp-content\/uploads\/2012\/09\/birne-holz-Wood_Pirus_communis-150x150.jpg\" alt=\"Birnenholz - Pirus communis\" width=\"150\" height=\"150\" \/><\/a><\/p>\n<h2>Birne<\/h2>\n<p><em><strong>Eigenschaften:<\/strong><br \/><\/em>Sehr feinfasriges und gleichm\u00e4\u00dfig gemasertes Holz mit einer r\u00f6tlichbeigen F\u00e4rbung.<\/p>\n<p><em><strong>Verwendung:<\/strong><br \/><\/em>Birne wird sehr oft in der modernen Inneneinrichtung und f\u00fcr Tisch- und Arbeitsplatten verwendet. L\u00e4sst sich sehr gut mit Ahorn und Fichte kombinieren.<\/p>\n<hr \/>\n<p><a href=\"\/wordpress\/wp-content\/uploads\/2012\/09\/Traubeneiche.jpg\"><img loading=\"lazy\" decoding=\"async\" class=\"alignright size-thumbnail wp-image-201\" title=\"Traubeneiche\" src=\"\/wordpress\/wp-content\/uploads\/2012\/09\/Traubeneiche-150x150.jpg\" alt=\"Traubeneiche\" width=\"150\" height=\"150\" srcset=\"http:\/\/www.tischlereihauser.at\/wordpress\/wp-content\/uploads\/2012\/09\/Traubeneiche-150x150.jpg 150w, http:\/\/www.tischlereihauser.at\/wordpress\/wp-content\/uploads\/2012\/09\/Traubeneiche-300x300.jpg 300w, http:\/\/www.tischlereihauser.at\/wordpress\/wp-content\/uploads\/2012\/09\/Traubeneiche.jpg 600w\" sizes=\"auto, (max-width: 150px) 100vw, 150px\" \/><\/a><\/p>\n<h2>Eiche<\/h2>\n<p><em><strong>Eigenschaften:<\/strong><br \/><\/em>Sehr ausgepr\u00e4gte Maserung mit einer mittelbraunen F\u00e4rbung, hart, strapazierf\u00e4hig und feuchtigkeitsunempfindlich.<\/p>\n<p><em><strong>Verwendung:<\/strong><br \/><\/em>Eichenholz wird zur Einrichtung von Gaststuben, Kaffee's und f\u00fcr Wohnzimmer verwendet. Auch im Schiffsbau und zur Herstellung von Weinf\u00e4ssern wird Eichenholz sehr gesch\u00e4tzt.<\/p>\n<hr \/>\n<p><a href=\"\/wordpress\/wp-content\/uploads\/2012\/09\/fichte-holz-Wood_picea_abies.jpg\"><img loading=\"lazy\" decoding=\"async\" class=\"alignright size-thumbnail wp-image-210\" title=\"Fichtenholz - Picea abies\" src=\"\/wordpress\/wp-content\/uploads\/2012\/09\/fichte-holz-Wood_picea_abies-150x150.jpg\" alt=\"Fichtenholz - Picea abies\" width=\"150\" height=\"150\" srcset=\"http:\/\/www.tischlereihauser.at\/wordpress\/wp-content\/uploads\/2012\/09\/fichte-holz-Wood_picea_abies-150x150.jpg 150w, http:\/\/www.tischlereihauser.at\/wordpress\/wp-content\/uploads\/2012\/09\/fichte-holz-Wood_picea_abies-300x300.jpg 300w, http:\/\/www.tischlereihauser.at\/wordpress\/wp-content\/uploads\/2012\/09\/fichte-holz-Wood_picea_abies.jpg 600w\" sizes=\"auto, (max-width: 150px) 100vw, 150px\" \/><\/a><\/p>\n<h2>Fichte<\/h2>\n<p><em><strong>Eigenschaften:<\/strong><br \/><\/em>Fichtenholz ist hell, von gelblich-brauner Farbe, relativ weich, leicht und dicht, nahezu geruchlos und leicht zu bearbeiten.<\/p>\n<p><em><strong>Verwendung:<\/strong><br \/><\/em>Man benutzt es gerne f\u00fcr die Herstellung von Stuben, rustikalen M\u00f6beln und Dachkonstruktionen. Die sogenannte Resonanzfichte wird auch zur Herstellung von Musikinstrumenten verwendet.<\/p>\n<hr \/>\n<p><a href=\"\/wordpress\/wp-content\/uploads\/2012\/09\/kirsche-holz-Wood_prunus_avium.jpg\"><img loading=\"lazy\" decoding=\"async\" class=\"alignright size-thumbnail wp-image-205\" style=\"color: #333333; font-style: normal; line-height: 18px;\" title=\"Kirschholz - Prunus avium\" src=\"\/wordpress\/wp-content\/uploads\/2012\/09\/kirsche-holz-Wood_prunus_avium-150x150.jpg\" alt=\"Kirschholz - Prunus avium\" width=\"150\" height=\"150\" srcset=\"http:\/\/www.tischlereihauser.at\/wordpress\/wp-content\/uploads\/2012\/09\/kirsche-holz-Wood_prunus_avium-150x150.jpg 150w, http:\/\/www.tischlereihauser.at\/wordpress\/wp-content\/uploads\/2012\/09\/kirsche-holz-Wood_prunus_avium-300x300.jpg 300w, http:\/\/www.tischlereihauser.at\/wordpress\/wp-content\/uploads\/2012\/09\/kirsche-holz-Wood_prunus_avium.jpg 600w\" sizes=\"auto, (max-width: 150px) 100vw, 150px\" \/><\/a><\/p>\n<h2>Kirsche<\/h2>\n<p><em><strong>Eigenschaften:<br \/>\u00a0<\/strong><\/em><\/p>\n<p>ausgepr\u00e4gte, kontrastreiche Maserung, das Farbspektrum reicht von gelb-beige \u00fcber gr\u00fcnlich-braun bis r\u00f6tlich-braun. Sehr feinfasriges und hartes Laubholz.<\/p>\n<p><em><strong>Verwendung:<\/strong><br \/><\/em>Kirsche ist anwendbar im Innenbereich f\u00fcr Tischplatten, Einzelm\u00f6bel, Parkettb\u00f6den und f\u00fcr anspruchsvolle Einzelst\u00fccke<\/p>\n<hr \/>\n<p><a href=\"\/wordpress\/wp-content\/uploads\/2012\/09\/zirbe-zirbel-holz-Wood_pinus_cembra.jpg\"><img loading=\"lazy\" decoding=\"async\" class=\"alignright size-thumbnail wp-image-211\" title=\"Zirbenholz - Pinus cembra\" src=\"\/wordpress\/wp-content\/uploads\/2012\/09\/zirbe-zirbel-holz-Wood_pinus_cembra-150x150.jpg\" alt=\"Zirbenholz - Pinus cembra\" width=\"150\" height=\"150\" srcset=\"http:\/\/www.tischlereihauser.at\/wordpress\/wp-content\/uploads\/2012\/09\/zirbe-zirbel-holz-Wood_pinus_cembra-150x150.jpg 150w, http:\/\/www.tischlereihauser.at\/wordpress\/wp-content\/uploads\/2012\/09\/zirbe-zirbel-holz-Wood_pinus_cembra-300x300.jpg 300w, http:\/\/www.tischlereihauser.at\/wordpress\/wp-content\/uploads\/2012\/09\/zirbe-zirbel-holz-Wood_pinus_cembra.jpg 600w\" sizes=\"auto, (max-width: 150px) 100vw, 150px\" \/><\/a><\/p>\n<h2>Zirbe\u00a0<\/h2>\n<p><em><strong>Eigenschaften:<\/strong><br \/><\/em>Zirbenholz ist sehr weich und harzreich, hat einen angenehmen und warmen Geruch und eine lebendige gelbr\u00f6tliche F\u00e4rbung.<\/p>\n<p><em><strong>Verwendung:<\/strong><br \/><\/em>Zirbenholz wird zur Fertigung von Bauernstuben und anderen rustikalen Einrichtungen verwendet. Es ist besonders bei den Holzschnitzern beliebt.<\/p>\n<hr \/>\n<h2><a href=\"\/wordpress\/wp-content\/uploads\/2012\/09\/laerche-holz-Wood_Larix_decidua.jpg\"><img loading=\"lazy\" decoding=\"async\" class=\"alignright size-thumbnail wp-image-212\" title=\"L\u00e4rchenholz - Larix decidua\" src=\"\/wordpress\/wp-content\/uploads\/2012\/09\/laerche-holz-Wood_Larix_decidua-150x150.jpg\" alt=\"L\u00e4rchenholz - Larix decidua\" width=\"150\" height=\"150\" srcset=\"http:\/\/www.tischlereihauser.at\/wordpress\/wp-content\/uploads\/2012\/09\/laerche-holz-Wood_Larix_decidua-150x150.jpg 150w, http:\/\/www.tischlereihauser.at\/wordpress\/wp-content\/uploads\/2012\/09\/laerche-holz-Wood_Larix_decidua-300x300.jpg 300w, http:\/\/www.tischlereihauser.at\/wordpress\/wp-content\/uploads\/2012\/09\/laerche-holz-Wood_Larix_decidua.jpg 600w\" sizes=\"auto, (max-width: 150px) 100vw, 150px\" \/><\/a>L\u00e4rche<\/h2>\n<p><em><strong>Eigenschaften:<\/strong><br \/><\/em>Die markante, r\u00f6tlich-braune Maserung und die Strapazierf\u00e4higkeit verleihen diesem Nadelholz einen ganz besonderen Charakter.<\/p>\n<p><em><strong>Verwendung:<\/strong><br \/><\/em>Die L\u00e4rche wird vor allem f\u00fcr Tischplatten und Fu\u00dfb\u00f6den im rustikalen Einrichtungsbereich verwendet.<\/p>\n<hr \/>\n<p><a href=\"\/wordpress\/wp-content\/uploads\/2012\/09\/birke-holz-WHITE-BIRCH.jpg\"><img loading=\"lazy\" decoding=\"async\" class=\"alignright size-thumbnail wp-image-207\" title=\"Birkenholz\" src=\"\/wordpress\/wp-content\/uploads\/2012\/09\/birke-holz-WHITE-BIRCH-150x150.jpg\" alt=\"Birkenholz\" width=\"150\" height=\"150\" srcset=\"http:\/\/www.tischlereihauser.at\/wordpress\/wp-content\/uploads\/2012\/09\/birke-holz-WHITE-BIRCH-150x150.jpg 150w, http:\/\/www.tischlereihauser.at\/wordpress\/wp-content\/uploads\/2012\/09\/birke-holz-WHITE-BIRCH-300x300.jpg 300w, http:\/\/www.tischlereihauser.at\/wordpress\/wp-content\/uploads\/2012\/09\/birke-holz-WHITE-BIRCH.jpg 600w\" sizes=\"auto, (max-width: 150px) 100vw, 150px\" \/><\/a><\/p>\n<h2>Birke<\/h2>\n<p><em><strong>Eigenschaften:<\/strong><br \/><\/em>Birkenholz ist ein engmaseriges Holz mit sehr gleichm\u00e4\u00dfiger Struktur und hell-beiger F\u00e4rbung.<\/p>\n<p><em><strong>Verwendung:<\/strong><br \/><\/em>Birkenholz wird verwendet bei Schlafzimmern, K\u00fcchen, Badezimmern und B\u00fcroeinrichtungen.<\/p>\n<hr \/>\n<p><a href=\"\/wordpress\/wp-content\/uploads\/2012\/09\/buche-holz-PLAIN-SLICED-BEECH.jpg\"><img loading=\"lazy\" decoding=\"async\" class=\"alignright size-thumbnail wp-image-206\" title=\"Buchenholz\" src=\"\/wordpress\/wp-content\/uploads\/2012\/09\/buche-holz-PLAIN-SLICED-BEECH-150x150.jpg\" alt=\"Buchenholz\" width=\"150\" height=\"150\" srcset=\"http:\/\/www.tischlereihauser.at\/wordpress\/wp-content\/uploads\/2012\/09\/buche-holz-PLAIN-SLICED-BEECH-150x150.jpg 150w, http:\/\/www.tischlereihauser.at\/wordpress\/wp-content\/uploads\/2012\/09\/buche-holz-PLAIN-SLICED-BEECH-300x300.jpg 300w, http:\/\/www.tischlereihauser.at\/wordpress\/wp-content\/uploads\/2012\/09\/buche-holz-PLAIN-SLICED-BEECH.jpg 600w\" sizes=\"auto, (max-width: 150px) 100vw, 150px\" \/><\/a><\/p>\n<h2>Buche<\/h2>\n<p><em><strong>Eigenschaften:<\/strong><br \/><\/em>Die Buche ist hart, wiederstandsf\u00e4hig und besitzt eine hellr\u00f6tliche F\u00e4rbung. Man kann durch D\u00e4mpfung des rohen Stammes die Farbe dunkler und kr\u00e4ftiger machen.<\/p>\n<p><em><strong>Verwendung:<\/strong><br \/><\/em>Man nutzt es gerne bei K\u00fcchen, Arbeitsplatten, B\u00fcroeinrichtungen, Bareinrichtungen und modernen Einrichtungsgegenst\u00e4nden.<\/p>\n","protected":false},"excerpt":{"rendered":"<p>Holz dient seit tausenden von Jahren als Baumaterial und ist ein gro\u00dfer Teil des menschlichen Lebens. Die typischen Maserungen, die man bei allen Holzarten findet, sind auf die Struktur und die \u00e4u\u00dferen Einfl\u00fcsse der Umwelt zur\u00fcckzuf\u00fchren. Jedes Holz hat deshalb &hellip; <a href=\"http:\/\/www.tischlereihauser.at\/wordpress\/werkstoffe\/\">Weiterlesen <span class=\"meta-nav\">&rarr;<\/span><\/a><\/p>\n","protected":false},"author":3,"featured_media":0,"parent":0,"menu_order":0,"comment_status":"closed","ping_status":"open","template":"sidebar-page.php","meta":{"footnotes":""},"class_list":["post-13","page","type-page","status-publish","hentry"],"_links":{"self":[{"href":"http:\/\/www.tischlereihauser.at\/wordpress\/wp-json\/wp\/v2\/pages\/13","targetHints":{"allow":["GET"]}}],"collection":[{"href":"http:\/\/www.tischlereihauser.at\/wordpress\/wp-json\/wp\/v2\/pages"}],"about":[{"href":"http:\/\/www.tischlereihauser.at\/wordpress\/wp-json\/wp\/v2\/types\/page"}],"author":[{"embeddable":true,"href":"http:\/\/www.tischlereihauser.at\/wordpress\/wp-json\/wp\/v2\/users\/3"}],"replies":[{"embeddable":true,"href":"http:\/\/www.tischlereihauser.at\/wordpress\/wp-json\/wp\/v2\/comments?post=13"}],"version-history":[{"count":11,"href":"http:\/\/www.tischlereihauser.at\/wordpress\/wp-json\/wp\/v2\/pages\/13\/revisions"}],"predecessor-version":[{"id":296,"href":"http:\/\/www.tischlereihauser.at\/wordpress\/wp-json\/wp\/v2\/pages\/13\/revisions\/296"}],"wp:attachment":[{"href":"http:\/\/www.tischlereihauser.at\/wordpress\/wp-json\/wp\/v2\/media?parent=13"}],"curies":[{"name":"wp","href":"https:\/\/api.w.org\/{rel}","templated":true}]}}