{"id":10,"date":"2012-09-24T21:54:31","date_gmt":"2012-09-24T19:54:31","guid":{"rendered":"\/wordpress\/?page_id=10"},"modified":"2012-10-25T18:17:47","modified_gmt":"2012-10-25T16:17:47","slug":"ueber-uns","status":"publish","type":"page","link":"http:\/\/www.tischlereihauser.at\/wordpress\/ueber-uns\/","title":{"rendered":"\u00dcber unsere Tischlerei in Schwaz"},"content":{"rendered":"<p><a href=\"\/wordpress\/wp-content\/uploads\/2012\/09\/tischlerei-PB234884-PRC.jpg\"><img loading=\"lazy\" decoding=\"async\" class=\"alignright size-medium wp-image-282\" title=\"Tischlerei Hauser\" src=\"\/wordpress\/wp-content\/uploads\/2012\/09\/tischlerei-PB234884-PRC-300x225.jpg\" alt=\"Tischlerei Hauser\" width=\"300\" height=\"225\" srcset=\"http:\/\/www.tischlereihauser.at\/wordpress\/wp-content\/uploads\/2012\/09\/tischlerei-PB234884-PRC-300x225.jpg 300w, http:\/\/www.tischlereihauser.at\/wordpress\/wp-content\/uploads\/2012\/09\/tischlerei-PB234884-PRC-400x300.jpg 400w, http:\/\/www.tischlereihauser.at\/wordpress\/wp-content\/uploads\/2012\/09\/tischlerei-PB234884-PRC.jpg 800w\" sizes=\"auto, (max-width: 300px) 100vw, 300px\" \/><\/a>Als kompetenter Tischlerbetrieb seit 1956 k\u00f6nnen wir Ihnen in allen Einrichtungsfragen mit Rat und Tat behilflich sein. Dies f\u00e4ngt mit der Planung an und h\u00f6rt nicht mit der Montage auf!<\/p>\n<p>Unser Ziel ist, es durch Einklang von Funktion und Design Qualit\u00e4tsm\u00f6bel nach Ma\u00df aus einwandfreien Materialien zu fertigen. Die Zufriedenheit unserer Kunden steht bei uns an erster Stelle.<\/p>\n<p><strong>Firmeninhaber und Tischlermeister:<br \/><\/strong>Rainhard Hauser<br \/>Kundenkontakt, Planung, Zeichnung, Projektleitung, Ausf\u00fchrung, Montage, Produktentwicklung, Wartung u. Kontrolle<\/p>\n<p><strong>Mitarbeiter:<\/strong><br \/>Produktion, Ausf\u00fchrung, Montage<br \/>Administration, Verwaltung, Buchhaltung<\/p>\n<p><a href=\"http:\/\/youtu.be\/t7xcXSxW0-M\"><img loading=\"lazy\" decoding=\"async\" class=\"alignright size-full wp-image-231\" title=\"Firmenpr\u00e4sentation Tischlerei Hauser\" src=\"\/wordpress\/wp-content\/uploads\/2012\/09\/hauser-video.png\" alt=\"Firmenpr\u00e4sentation Tischlerei Hauser\" width=\"400\" height=\"256\" \/><\/a><\/p>\n","protected":false},"excerpt":{"rendered":"<p>Als kompetenter Tischlerbetrieb seit 1956 k\u00f6nnen wir Ihnen in allen Einrichtungsfragen mit Rat und Tat behilflich sein. Dies f\u00e4ngt mit der Planung an und h\u00f6rt nicht mit der Montage auf! Unser Ziel ist, es durch Einklang von Funktion und Design &hellip; <a href=\"http:\/\/www.tischlereihauser.at\/wordpress\/ueber-uns\/\">Weiterlesen <span class=\"meta-nav\">&rarr;<\/span><\/a><\/p>\n","protected":false},"author":3,"featured_media":0,"parent":0,"menu_order":0,"comment_status":"closed","ping_status":"open","template":"sidebar-page.php","meta":{"footnotes":""},"class_list":["post-10","page","type-page","status-publish","hentry"],"_links":{"self":[{"href":"http:\/\/www.tischlereihauser.at\/wordpress\/wp-json\/wp\/v2\/pages\/10","targetHints":{"allow":["GET"]}}],"collection":[{"href":"http:\/\/www.tischlereihauser.at\/wordpress\/wp-json\/wp\/v2\/pages"}],"about":[{"href":"http:\/\/www.tischlereihauser.at\/wordpress\/wp-json\/wp\/v2\/types\/page"}],"author":[{"embeddable":true,"href":"http:\/\/www.tischlereihauser.at\/wordpress\/wp-json\/wp\/v2\/users\/3"}],"replies":[{"embeddable":true,"href":"http:\/\/www.tischlereihauser.at\/wordpress\/wp-json\/wp\/v2\/comments?post=10"}],"version-history":[{"count":10,"href":"http:\/\/www.tischlereihauser.at\/wordpress\/wp-json\/wp\/v2\/pages\/10\/revisions"}],"predecessor-version":[{"id":299,"href":"http:\/\/www.tischlereihauser.at\/wordpress\/wp-json\/wp\/v2\/pages\/10\/revisions\/299"}],"wp:attachment":[{"href":"http:\/\/www.tischlereihauser.at\/wordpress\/wp-json\/wp\/v2\/media?parent=10"}],"curies":[{"name":"wp","href":"https:\/\/api.w.org\/{rel}","templated":true}]}}